{"id":501,"date":"2020-07-13T16:58:49","date_gmt":"2020-07-13T15:58:49","guid":{"rendered":"https:\/\/funpalaces.co.uk\/cy\/?page_id=501"},"modified":"2025-09-18T11:51:37","modified_gmt":"2025-09-18T10:51:37","slug":"cymryd-rhan","status":"publish","type":"page","link":"https:\/\/funpalaces.co.uk\/cy\/1000-bychain\/cymryd-rhan\/","title":{"rendered":"Sut i Gymryd Rhan"},"content":{"rendered":"\n<div style=\"height:40px\" aria-hidden=\"true\" class=\"wp-block-spacer\"><\/div>\n\n\n\n<h1 class=\"wp-block-heading has-text-align-center\"><strong>Cr\u00ebwch Balas Hwyl Bychan 30 Medi &#8211; 2 Hydref 2022!<\/strong><\/h1>\n\n\n\n<div style=\"height:20px\" aria-hidden=\"true\" class=\"wp-block-spacer\"><\/div>\n\n\n\n<div class=\"wp-block-group alignfull has-grey-background-color has-background\"><div class=\"wp-block-group__inner-container is-layout-flow wp-block-group-is-layout-flow\">\n<div style=\"height:40px\" aria-hidden=\"true\" class=\"wp-block-spacer\"><\/div>\n\n\n\n<div class=\"wp-block-columns alignwide is-layout-flex wp-container-core-columns-is-layout-9d6595d7 wp-block-columns-is-layout-flex\">\n<div class=\"wp-block-column is-layout-flow wp-block-column-is-layout-flow\">\n<h2 class=\"wp-block-heading\">Pwy<\/h2>\n\n\n\n<p>Chi! Ac, os dymunwch, eich aelwyd, ffrindiau, cydweithwyr, rhai eraill sy&#8217;n mynd \u00e2&#8217;u c\u0175n am dro, cymdogion ar y gr\u0175p<a href=\"https:\/\/covidmutualaid.org\/\"> Cyd-gymorth Covid<\/a> neu WhatsApp. Gall Palas Hwyl bychan fod yn unigol neu gyda th\u00eem bychan. Os ydych yn creu eich Palas Hwyl y tu allan i&#8217;ch cartref, cynlluniwch ef trwy sgwrsio ar falconi&#8217;r yst\u00e2d neu o&#8217;ch ffenestri, dros y ff\u00f4n, trwy lythyr neu neges.<\/p>\n<\/div>\n\n\n\n<div class=\"wp-block-column is-layout-flow wp-block-column-is-layout-flow\">\n<h2 class=\"wp-block-heading\">Beth<\/h2>\n\n\n\n<p>Gall eich Palas Hwyl bychan fod beth bynnag rydych eisiau iddo fod. Ers dechrau&#8217;r cyfyngiadau, mae&#8217;r gymuned Palasau Hwyl wedi bod yn rhannu <a href=\"https:\/\/funpalaces.co.uk\/cy\/chwyldroadau-cysylltiad-bychain\/\">Chwyldroadau Cysylltiad Bychain<\/a>, y gallwch bori trwyddynt am syniadau neu sgroliwch i ddiwedd y ddogfen hon i weld awgrymiadau.<\/p>\n<\/div>\n<\/div>\n\n\n\n<div class=\"wp-block-columns alignwide is-layout-flex wp-container-core-columns-is-layout-9d6595d7 wp-block-columns-is-layout-flex\">\n<div class=\"wp-block-column is-layout-flow wp-block-column-is-layout-flow\">\n<h2 class=\"wp-block-heading\">Ble<\/h2>\n\n\n\n<p>Unrhyw le y gallwch greu cysylltiad. Os oes gennych ffenestri sy&#8217;n wynebu stryd neu gwrt, defnyddiwch ffenestri fel llwyfan, oriel neu ddarllenfa. Defnyddiwch ardal mewn parc, hysbysfwrdd, ffenest siop. Mae Palasau Hwyl dros y ff\u00f4n ac ar-lein yn dda hefyd. Gall lleoliadau sydd wedi gorfod cau ddefnyddio ffenestri neu&#8217;r pafin.<\/p>\n<\/div>\n\n\n\n<div class=\"wp-block-column is-layout-flow wp-block-column-is-layout-flow\">\n<h2 class=\"wp-block-heading\">Pryd<\/h2>\n\n\n\n<p>Penwythnos cyntaf mis Hydref (30 Medi &#8211; 2 Hydref). Mae 20 munud yn gr\u00eat \u2013 cael y stryd i ganu. Mae trwy&#8217;r penwythnos yn gr\u00eat &#8211; arddangosfa o gwmpas y dref o bethau hynaf pawb, gyda thrigolion yn sefyll wrth eu ffenestri neu ddrysau i rannu eu gwrthrychau gyda&#8217;r rhai sy&#8217;n cerdded heibio.<\/p>\n<\/div>\n<\/div>\n\n\n\n<div class=\"wp-block-columns alignwide is-layout-flex wp-container-core-columns-is-layout-9d6595d7 wp-block-columns-is-layout-flex\">\n<div class=\"wp-block-column is-layout-flow wp-block-column-is-layout-flow\">\n<h2 class=\"wp-block-heading\">Pam<\/h2>\n\n\n\n<p>Oherwydd y gall creadigrwydd mewn cymunedau newid y byd er gwell, i ddathlu ein gilydd, cofio&#8217;r rhai yr ydym wedi&#8217;u colli a chysylltu \u00e2&#8217;n cymdogion.<\/p>\n<\/div>\n\n\n\n<div class=\"wp-block-column is-layout-flow wp-block-column-is-layout-flow\">\n<h2 class=\"wp-block-heading\">Sut<\/h2>\n\n\n\n<p>Bydd  cofrestru&#8217;n dechrau yng Ngwanwyn 2022. Os ydych chi&#8217;n gwarchod, yn dal i fod yn ofalus neu&#8217;n osgoi mannau gorlawn, nid yw hynny&#8217;n golygu nad oes modd i chi greu Palas Hwyl anhygoel! Cliciwch ar &#8216;<a href=\"https:\/\/funpalaces.co.uk\/cy\/create\/\">Creu Palas Hwyl<\/a>&#8216; ar frig y dudalen hon yn y gornel dde, cr\u00ebwch gyfrif, ac yna cofrestrwch eich Palas Hwyl. Bydd angen i chi ychwanegu Teitl, disgrifiad byr, a lleoliad er mwyn gwneud i&#8217;ch Palas Hwyl ymddangos ar y map ar gyfer 2022. Yna, ewch ati i ledaenu&#8217;r gair!<\/p>\n<\/div>\n<\/div>\n\n\n\n<div style=\"height:20px\" aria-hidden=\"true\" class=\"wp-block-spacer\"><\/div>\n<\/div><\/div>\n\n\n\n<div style=\"height:40px\" aria-hidden=\"true\" class=\"wp-block-spacer\"><\/div>\n\n\n\n<div class=\"wp-block-columns alignwide are-vertically-aligned-top is-layout-flex wp-container-core-columns-is-layout-9d6595d7 wp-block-columns-is-layout-flex\">\n<div class=\"wp-block-column is-vertically-aligned-top is-layout-flow wp-block-column-is-layout-flow\" style=\"flex-basis:33.33%\">\n<figure class=\"wp-block-image size-large\"><img loading=\"lazy\" decoding=\"async\" width=\"1024\" height=\"833\" src=\"https:\/\/funpalaces.co.uk\/cy\/wp-content\/uploads\/sites\/2\/2025\/04\/DJ-1024x833.png\" alt=\"Colourful illustration of a DJ wearing headphones and spinning music on a turntable, with a woman dancing next to him, also wearing headphones. Bright geometric shapes surround them to convey a festive atmosphere.\" class=\"wp-image-729\" srcset=\"https:\/\/funpalaces.co.uk\/cy\/wp-content\/uploads\/sites\/2\/2025\/04\/DJ-1024x833.png 1024w, https:\/\/funpalaces.co.uk\/cy\/wp-content\/uploads\/sites\/2\/2025\/04\/DJ-300x244.png 300w, https:\/\/funpalaces.co.uk\/cy\/wp-content\/uploads\/sites\/2\/2025\/04\/DJ-768x625.png 768w, https:\/\/funpalaces.co.uk\/cy\/wp-content\/uploads\/sites\/2\/2025\/04\/DJ-1536x1250.png 1536w, https:\/\/funpalaces.co.uk\/cy\/wp-content\/uploads\/sites\/2\/2025\/04\/DJ-2048x1667.png 2048w\" sizes=\"auto, (max-width: 1024px) 100vw, 1024px\" \/><\/figure>\n<\/div>\n\n\n\n<div class=\"wp-block-column is-vertically-aligned-top is-layout-flow wp-block-column-is-layout-flow\" style=\"flex-basis:66.66%\">\n<h2 class=\"wp-block-heading\">Lledaenu&#8217;r gair!<\/h2>\n\n\n\n<p>I ledaenu&#8217;r gair am eich Palas Hwyl, lawrlwythwch ein <a href=\"https:\/\/funpalaces.co.uk\/cy\/wp-content\/uploads\/sites\/2\/2020\/02\/Pecyn-Cymorth-Cyhoeddusdrwydd-Publicity-Toolkit.pdf\">Pecyn Cymorth Cyhoeddusrwydd<\/a>.<\/p>\n\n\n\n<p>Eleni, rydym yn gwneud tri awgrymiad ychwanegol hefyd:<\/p>\n\n\n\n<p><strong>1.<\/strong> <strong>Os oes angen i chi gadw fe&#8217;n fach&nbsp;<\/strong><br \/>Mae Palasau Hwyl ar gyfer pawb, ond efallai na fydd gan eich Palas Hwyl le i bawb ar yr un pryd. Efallai y byddwch eisiau cyfyngu eich hysbysebu i&#8217;ch ardal leol iawn, ond gwnewch ymdrech i wahodd pobl na fyddech yn cwrdd \u00e2 nhw fel arfer.<\/p>\n\n\n\n<p><em><strong><a href=\"https:\/\/funpalaces.co.uk\/cy\/pecyn-cymorth-crewyr\/adnoddau\/posteri-logos-baneri\/\">Lawrlwythwch ein gwahoddiadau Palasau Hwyl<\/a><\/strong><\/em>, llenwch nhw i mewn a phostiwch nhw trwy ddrysau eich cymdogion (hyd yn oed y rhai nad ydych wedi siarad \u00e2 nhw).<\/p>\n\n\n\n<p><strong>2.<\/strong> <strong>Gall nifer mawr o leisiau bychain greu synau mawrion&nbsp;<\/strong><br \/>Helpwch ledaenu ymwybyddiaeth o&#8217;r Palasau Hwyl trwy roi poster <em><strong><a href=\"https:\/\/funpalaces.co.uk\/cy\/pecyn-cymorth-crewyr\/adnoddau\/posteri-logos-baneri\/\">Palasau Hwyl yn Digwydd Yma<\/a> <\/strong><\/em>yn eich ffenest neu ardd flaen.<\/p>\n\n\n\n<p>Rhowch wybod i ni beth sydd wedi bod yn digwydd yn eich Palas Hwyl ar Twitter, Facebook ac Instagram trwy dagio ni a defnyddio&#8217;r hashnod #PalasauHwyl.<\/p>\n\n\n\n<p><strong>3. Y wasg leol&nbsp;<\/strong><br \/>Cysylltwch \u00e2&#8217;r papurau newydd, gorsafoedd radio a blogiau lleol am eich Palas Hwyl.&nbsp; Hyd yn oed os yw eich Palas Hwyl yn fychan iawn, mae&#8217;n bosib y bydd gan newyddiadurwyr ddiddordeb o hyd yn yr effaith bositif ar eich cymuned a&#8217;r ffaith eich bod yn rhan o ddigwyddiad sy&#8217;n digwydd yn genedlaethol ac yn rhyngwladol.<\/p>\n\n\n\n<h2 class=\"wp-block-heading\">Rhywfaint o ysbrydoliaeth&#8230;<\/h2>\n\n\n\n<p>Yn ystod y cyfyngiadau symud yn y DU, mae Crewyr Palasau Hwyl wedi bod yn rhannu camau bychain ymarferol y gall unrhyw un eu cymryd i gysylltu ag eraill yn eu cymuned leol neu dreulio amser hunanynysu yn gwneud rhywbeth creadigol. Mae&#8217;r Palasau Hwyl wedi bod yn rhannu&#8217;r rhain fel Chwyldroadau Cysylltiad Bychain. Os ydych yn chwilio am syniadau ar gyfer eich Palas Hwyl, maent yn fan cychwyn gwych (ac oes gennych chi syniad yr hoffech ei rannu ar y dudalen, cysylltwch \u00e2 ni).<\/p>\n\n\n\n<p><strong>Dyma rai ohonynt y gallwch eu defnyddio fel man cychwyn:<\/strong><\/p>\n\n\n\n<ul class=\"wp-block-list\">\n<li><a href=\"https:\/\/funpalaces.co.uk\/cy\/chwyldroadaubychain-4-creaduriaid-cegin\/\">Creaduriaid Cegin<\/a> <\/li>\n\n\n\n<li><a href=\"https:\/\/funpalaces.co.uk\/cy\/chwyldroadaubychain-3\/\">Creu Bynting papur<\/a><\/li>\n<\/ul>\n\n\n\n<p><strong>Dyma ragor o syniadau, mae&#8217;n ddrwg gennym mai dim ond yn Saesneg y maen nhw ar gael ar hyn o bryd.<\/strong><\/p>\n\n\n\n<ul class=\"wp-block-list\">\n<li><a href=\"https:\/\/funpalaces.co.uk\/tinyrevolutions-make-seed-papers\/\">Gwneud papurau hadau fel rhoddion<\/a>: casglu hadau ar daith gerdded wrth gadw pellter a rhannu&#8217;r cyfarwyddiadau<\/li>\n\n\n\n<li><a href=\"https:\/\/funpalaces.co.uk\/tinyrevolutions-quaranzine\/\">Cylchgrawn Cwarant\u00een<\/a>: creu cylchgrawn lleol<\/li>\n\n\n\n<li><a href=\"https:\/\/funpalaces.co.uk\/tinyrevolutions-of-sonic-connection\/\">Recordiwch synau eich cartref<\/a>: a allech chi wahodd pobl i ymuno \u00e2&#8217;ch cerddorfa sain ar-lein?<\/li>\n<\/ul>\n\n\n\n\n<\/div>\n<\/div>\n\n\n\n<div class=\"wp-block-columns alignwide is-layout-flex wp-container-core-columns-is-layout-9d6595d7 wp-block-columns-is-layout-flex\">\n<div class=\"wp-block-column is-layout-flow wp-block-column-is-layout-flow\">\n<div class=\"wp-block-cover aligncenter is-light\"><img loading=\"lazy\" decoding=\"async\" width=\"2117\" height=\"1512\" class=\"wp-block-cover__image-background wp-image-550\" alt=\"\" src=\"https:\/\/funpalaces.co.uk\/cy\/wp-content\/uploads\/sites\/2\/2020\/07\/XwOn-XQA.jpeg\" data-object-fit=\"cover\" srcset=\"https:\/\/funpalaces.co.uk\/cy\/wp-content\/uploads\/sites\/2\/2020\/07\/XwOn-XQA.jpeg 2117w, https:\/\/funpalaces.co.uk\/cy\/wp-content\/uploads\/sites\/2\/2020\/07\/XwOn-XQA-300x214.jpeg 300w, https:\/\/funpalaces.co.uk\/cy\/wp-content\/uploads\/sites\/2\/2020\/07\/XwOn-XQA-1024x731.jpeg 1024w, https:\/\/funpalaces.co.uk\/cy\/wp-content\/uploads\/sites\/2\/2020\/07\/XwOn-XQA-768x549.jpeg 768w, https:\/\/funpalaces.co.uk\/cy\/wp-content\/uploads\/sites\/2\/2020\/07\/XwOn-XQA-1536x1097.jpeg 1536w, https:\/\/funpalaces.co.uk\/cy\/wp-content\/uploads\/sites\/2\/2020\/07\/XwOn-XQA-2048x1463.jpeg 2048w\" sizes=\"auto, (max-width: 2117px) 100vw, 2117px\" \/><span aria-hidden=\"true\" class=\"wp-block-cover__background has-background-dim\"><\/span><div class=\"wp-block-cover__inner-container is-layout-flow wp-block-cover-is-layout-flow\">\n<h2 class=\"wp-block-heading has-text-align-center has-white-color has-text-color has-link-color wp-elements-8bd823b061cc5edd33e2f5a762885498\">Palasau Hwyl Bychain<\/h2>\n\n\n\n<p class=\"has-text-align-center has-white-color has-text-color has-link-color has-normal-font-size wp-elements-05d97366c19f8c8d8e807ea8d1a17281\">Lawrlwytho ein canllaw cryno i 1000 o Balasau Hwyl Bychain, a&#8217;i rannu oddi ar-lein gyda ffrindiau a chymdogion.<\/p>\n\n\n\n<div class=\"wp-block-buttons is-content-justification-center is-layout-flex wp-container-core-buttons-is-layout-16018d1d wp-block-buttons-is-layout-flex\">\n<div class=\"wp-block-button\"><a class=\"wp-block-button__link has-orange-background-color has-background wp-element-button\" href=\"https:\/\/funpalaces.co.uk\/cy\/wp-content\/uploads\/sites\/2\/2021\/04\/Sut-I-Greu-Palas-Hwyl-Bychain-How-to-make-a-Tiny-FP-2021.pdf\">Lawrlwytho PDF<\/a><\/div>\n<\/div>\n\n\n\n\n<\/div><\/div>\n\n\n\n\n<\/div>\n\n\n\n<div class=\"wp-block-column is-layout-flow wp-block-column-is-layout-flow\">\n<div class=\"wp-block-cover aligncenter is-light\"><img loading=\"lazy\" decoding=\"async\" width=\"593\" height=\"588\" class=\"wp-block-cover__image-background wp-image-535\" alt=\"\" src=\"https:\/\/funpalaces.co.uk\/cy\/wp-content\/uploads\/sites\/2\/2020\/07\/Tiny-Revolution_Home-made-Facemasks.png\" data-object-fit=\"cover\" srcset=\"https:\/\/funpalaces.co.uk\/cy\/wp-content\/uploads\/sites\/2\/2020\/07\/Tiny-Revolution_Home-made-Facemasks.png 593w, https:\/\/funpalaces.co.uk\/cy\/wp-content\/uploads\/sites\/2\/2020\/07\/Tiny-Revolution_Home-made-Facemasks-300x297.png 300w, https:\/\/funpalaces.co.uk\/cy\/wp-content\/uploads\/sites\/2\/2020\/07\/Tiny-Revolution_Home-made-Facemasks-150x150.png 150w, https:\/\/funpalaces.co.uk\/cy\/wp-content\/uploads\/sites\/2\/2020\/07\/Tiny-Revolution_Home-made-Facemasks-60x60.png 60w\" sizes=\"auto, (max-width: 593px) 100vw, 593px\" \/><span aria-hidden=\"true\" class=\"wp-block-cover__background has-background-dim\"><\/span><div class=\"wp-block-cover__inner-container is-layout-flow wp-block-cover-is-layout-flow\">\n<h2 class=\"wp-block-heading has-text-align-center has-white-color has-text-color has-link-color wp-elements-aea9cdf6e0e545ff1a1fe6975dcde8ea\">Diogelwch yn ystod Covid-19<\/h2>\n\n\n\n<p class=\"has-text-align-center has-white-color has-text-color has-link-color has-normal-font-size wp-elements-5307cfec86bd2bf84b0ec2b55e69aa85\">Gweler arweiniad ar Ddiogelwch yn ystod Covid-19<\/p>\n\n\n\n<div class=\"wp-block-buttons is-content-justification-center is-layout-flex wp-container-core-buttons-is-layout-16018d1d wp-block-buttons-is-layout-flex\">\n<div class=\"wp-block-button\"><a class=\"wp-block-button__link has-orange-background-color has-background wp-element-button\" href=\"https:\/\/funpalaces.co.uk\/cy\/1000-bychain\/diogelwch-a-covid-19\/\">Cadw&#8217;n Ddiogel<\/a><\/div>\n<\/div>\n\n\n\n\n<\/div><\/div>\n\n\n\n\n<\/div>\n<\/div>\n\n\n\n<section class=\"wp-block-mkdo-core-house-cta alignfull house-cta\" style=\"background:#4da9c2\"><img decoding=\"async\" class=\"house-cta__image\" src=\"https:\/\/funpalaces.co.uk\/wp-content\/uploads\/2020\/04\/tiny-rev-img.png\" alt=\"\"\/><div class=\"house-cta__wrap\"><div class=\"house-cta__content\"><h2 class=\"house-cta__heading\">#ChwyldroadauBychain<\/h2><div class=\"house-cta__summary\"><p>Rhannu eich syniadau CHI i gadw mewn cysylltiad oddi ar-lein yn ogystal ag ar-lein &#8211; cysylltu&#8217;n ddiogel o fewn Cymuned<\/p><\/div><div class=\"house-cta__buttons\"><div class=\"house-cta__cta\"><a class=\"button--ghost-white button--londrina button--big\" href=\"https:\/\/funpalaces.co.uk\/news\/tiny-revolutions-of-connection\/\">SYNIADAU NEWYDD YMA BOB DYDD<\/a><\/div><\/div><\/div><\/div><\/section>\n","protected":false},"excerpt":{"rendered":"<p>Cr\u00ebwch Balas Hwyl Bychan 30 Medi &#8211; 2 Hydref 2022! Pwy Chi! Ac, os dymunwch, eich aelwyd, ffrindiau, cydweithwyr, rhai eraill sy&#8217;n mynd \u00e2&#8217;u c\u0175n am dro, cymdogion ar y gr\u0175p Cyd-gymorth Covid neu WhatsApp.&hellip;<\/p>\n","protected":false},"author":1,"featured_media":0,"parent":500,"menu_order":0,"comment_status":"closed","ping_status":"closed","template":"","meta":{"_mkdo_core_block_meta_as_title":"","footnotes":"","mkdo_translation_country_code":"GB_CY","mkdo_translation_language_code":"cy","mkdo_translation_id_language_cy":"","mkdo_translation_id_language_en":"1_23516"},"class_list":["post-501","page","type-page","status-publish","hentry"],"yoast_head":"<!-- This site is optimized with the Yoast SEO plugin v18.2 - https:\/\/yoast.com\/wordpress\/plugins\/seo\/ -->\n<title>Sut i Gymryd Rhan - Fun Palaces Cymru<\/title>\n<meta name=\"robots\" content=\"index, follow, max-snippet:-1, max-image-preview:large, max-video-preview:-1\" \/>\n<link rel=\"canonical\" href=\"https:\/\/funpalaces.co.uk\/cy\/1000-bychain\/cymryd-rhan\/\" \/>\n<meta property=\"og:locale\" content=\"cy_GB\" \/>\n<meta property=\"og:type\" content=\"article\" \/>\n<meta property=\"og:title\" content=\"Sut i Gymryd Rhan - Fun Palaces Cymru\" \/>\n<meta property=\"og:description\" content=\"Cr\u00ebwch Balas Hwyl Bychan 30 Medi &#8211; 2 Hydref 2022! Pwy Chi! Ac, os dymunwch, eich aelwyd, ffrindiau, cydweithwyr, rhai eraill sy&#8217;n mynd \u00e2&#8217;u c\u0175n am dro, cymdogion ar y gr\u0175p Cyd-gymorth Covid neu WhatsApp.&hellip;\" \/>\n<meta property=\"og:url\" content=\"https:\/\/funpalaces.co.uk\/cy\/1000-bychain\/cymryd-rhan\/\" \/>\n<meta property=\"og:site_name\" content=\"Fun Palaces Cymru\" \/>\n<meta property=\"article:publisher\" content=\"https:\/\/www.facebook.com\/FunPalaces\/\" \/>\n<meta property=\"article:modified_time\" content=\"2025-09-18T10:51:37+00:00\" \/>\n<meta property=\"og:image\" content=\"https:\/\/funpalaces.co.uk\/cy\/wp-content\/uploads\/sites\/2\/2025\/04\/DJ-1024x833.png\" \/>\n<meta name=\"twitter:card\" content=\"summary_large_image\" \/>\n<meta name=\"twitter:site\" content=\"@funpalaces\" \/>\n<meta name=\"twitter:label1\" content=\"Est. reading time\" \/>\n\t<meta name=\"twitter:data1\" content=\"4 minutes\" \/>\n<script type=\"application\/ld+json\" class=\"yoast-schema-graph\">{\"@context\":\"https:\/\/schema.org\",\"@graph\":[{\"@type\":\"Organization\",\"@id\":\"https:\/\/funpalaces.co.uk\/cy\/#organization\",\"name\":\"Palasau Hwyl\",\"url\":\"https:\/\/funpalaces.co.uk\/cy\/\",\"sameAs\":[\"https:\/\/www.facebook.com\/FunPalaces\/\",\"https:\/\/www.instagram.com\/funpalaces\/\",\"https:\/\/twitter.com\/funpalaces\"],\"logo\":{\"@type\":\"ImageObject\",\"@id\":\"https:\/\/funpalaces.co.uk\/cy\/#logo\",\"inLanguage\":\"cy-GB\",\"url\":\"\",\"contentUrl\":\"\",\"caption\":\"Palasau Hwyl\"},\"image\":{\"@id\":\"https:\/\/funpalaces.co.uk\/cy\/#logo\"}},{\"@type\":\"WebSite\",\"@id\":\"https:\/\/funpalaces.co.uk\/cy\/#website\",\"url\":\"https:\/\/funpalaces.co.uk\/cy\/\",\"name\":\"Fun Palaces Cymru\",\"description\":\"Cymuned wrth galon Diwylliant\",\"publisher\":{\"@id\":\"https:\/\/funpalaces.co.uk\/cy\/#organization\"},\"potentialAction\":[{\"@type\":\"SearchAction\",\"target\":{\"@type\":\"EntryPoint\",\"urlTemplate\":\"https:\/\/funpalaces.co.uk\/cy\/?s={search_term_string}\"},\"query-input\":\"required name=search_term_string\"}],\"inLanguage\":\"cy-GB\"},{\"@type\":\"ImageObject\",\"@id\":\"https:\/\/funpalaces.co.uk\/cy\/1000-bychain\/cymryd-rhan\/#primaryimage\",\"inLanguage\":\"cy-GB\",\"url\":\"https:\/\/funpalaces.co.uk\/cy\/wp-content\/uploads\/sites\/2\/2025\/04\/DJ.png\",\"contentUrl\":\"https:\/\/funpalaces.co.uk\/cy\/wp-content\/uploads\/sites\/2\/2025\/04\/DJ.png\",\"width\":2540,\"height\":2067,\"caption\":\"Colourful illustration of a DJ wearing headphones and spinning music on a turntable, with a woman dancing next to him, also wearing headphones. Bright geometric shapes surround them to convey a festive atmosphere.\"},{\"@type\":\"WebPage\",\"@id\":\"https:\/\/funpalaces.co.uk\/cy\/1000-bychain\/cymryd-rhan\/#webpage\",\"url\":\"https:\/\/funpalaces.co.uk\/cy\/1000-bychain\/cymryd-rhan\/\",\"name\":\"Sut i Gymryd Rhan - Fun Palaces Cymru\",\"isPartOf\":{\"@id\":\"https:\/\/funpalaces.co.uk\/cy\/#website\"},\"primaryImageOfPage\":{\"@id\":\"https:\/\/funpalaces.co.uk\/cy\/1000-bychain\/cymryd-rhan\/#primaryimage\"},\"datePublished\":\"2020-07-13T15:58:49+00:00\",\"dateModified\":\"2025-09-18T10:51:37+00:00\",\"breadcrumb\":{\"@id\":\"https:\/\/funpalaces.co.uk\/cy\/1000-bychain\/cymryd-rhan\/#breadcrumb\"},\"inLanguage\":\"cy-GB\",\"potentialAction\":[{\"@type\":\"ReadAction\",\"target\":[\"https:\/\/funpalaces.co.uk\/cy\/1000-bychain\/cymryd-rhan\/\"]}]},{\"@type\":\"BreadcrumbList\",\"@id\":\"https:\/\/funpalaces.co.uk\/cy\/1000-bychain\/cymryd-rhan\/#breadcrumb\",\"itemListElement\":[{\"@type\":\"ListItem\",\"position\":1,\"name\":\"Home\",\"item\":\"https:\/\/funpalaces.co.uk\/cy\/\"},{\"@type\":\"ListItem\",\"position\":2,\"name\":\"1000 o Balasau Hwyl Bychain\",\"item\":\"https:\/\/funpalaces.co.uk\/cy\/1000-bychain\/\"},{\"@type\":\"ListItem\",\"position\":3,\"name\":\"Sut i Gymryd Rhan\"}]}]}<\/script>\n<!-- \/ Yoast SEO plugin. -->","yoast_head_json":{"title":"Sut i Gymryd Rhan - Fun Palaces Cymru","robots":{"index":"index","follow":"follow","max-snippet":"max-snippet:-1","max-image-preview":"max-image-preview:large","max-video-preview":"max-video-preview:-1"},"canonical":"https:\/\/funpalaces.co.uk\/cy\/1000-bychain\/cymryd-rhan\/","og_locale":"cy_GB","og_type":"article","og_title":"Sut i Gymryd Rhan - Fun Palaces Cymru","og_description":"Cr\u00ebwch Balas Hwyl Bychan 30 Medi &#8211; 2 Hydref 2022! Pwy Chi! Ac, os dymunwch, eich aelwyd, ffrindiau, cydweithwyr, rhai eraill sy&#8217;n mynd \u00e2&#8217;u c\u0175n am dro, cymdogion ar y gr\u0175p Cyd-gymorth Covid neu WhatsApp.&hellip;","og_url":"https:\/\/funpalaces.co.uk\/cy\/1000-bychain\/cymryd-rhan\/","og_site_name":"Fun Palaces Cymru","article_publisher":"https:\/\/www.facebook.com\/FunPalaces\/","article_modified_time":"2025-09-18T10:51:37+00:00","og_image":[{"url":"https:\/\/funpalaces.co.uk\/cy\/wp-content\/uploads\/sites\/2\/2025\/04\/DJ-1024x833.png"}],"twitter_card":"summary_large_image","twitter_site":"@funpalaces","twitter_misc":{"Est. reading time":"4 minutes"},"schema":{"@context":"https:\/\/schema.org","@graph":[{"@type":"Organization","@id":"https:\/\/funpalaces.co.uk\/cy\/#organization","name":"Palasau Hwyl","url":"https:\/\/funpalaces.co.uk\/cy\/","sameAs":["https:\/\/www.facebook.com\/FunPalaces\/","https:\/\/www.instagram.com\/funpalaces\/","https:\/\/twitter.com\/funpalaces"],"logo":{"@type":"ImageObject","@id":"https:\/\/funpalaces.co.uk\/cy\/#logo","inLanguage":"cy-GB","url":"","contentUrl":"","caption":"Palasau Hwyl"},"image":{"@id":"https:\/\/funpalaces.co.uk\/cy\/#logo"}},{"@type":"WebSite","@id":"https:\/\/funpalaces.co.uk\/cy\/#website","url":"https:\/\/funpalaces.co.uk\/cy\/","name":"Fun Palaces Cymru","description":"Cymuned wrth galon Diwylliant","publisher":{"@id":"https:\/\/funpalaces.co.uk\/cy\/#organization"},"potentialAction":[{"@type":"SearchAction","target":{"@type":"EntryPoint","urlTemplate":"https:\/\/funpalaces.co.uk\/cy\/?s={search_term_string}"},"query-input":"required name=search_term_string"}],"inLanguage":"cy-GB"},{"@type":"ImageObject","@id":"https:\/\/funpalaces.co.uk\/cy\/1000-bychain\/cymryd-rhan\/#primaryimage","inLanguage":"cy-GB","url":"https:\/\/funpalaces.co.uk\/cy\/wp-content\/uploads\/sites\/2\/2025\/04\/DJ.png","contentUrl":"https:\/\/funpalaces.co.uk\/cy\/wp-content\/uploads\/sites\/2\/2025\/04\/DJ.png","width":2540,"height":2067,"caption":"Colourful illustration of a DJ wearing headphones and spinning music on a turntable, with a woman dancing next to him, also wearing headphones. Bright geometric shapes surround them to convey a festive atmosphere."},{"@type":"WebPage","@id":"https:\/\/funpalaces.co.uk\/cy\/1000-bychain\/cymryd-rhan\/#webpage","url":"https:\/\/funpalaces.co.uk\/cy\/1000-bychain\/cymryd-rhan\/","name":"Sut i Gymryd Rhan - Fun Palaces Cymru","isPartOf":{"@id":"https:\/\/funpalaces.co.uk\/cy\/#website"},"primaryImageOfPage":{"@id":"https:\/\/funpalaces.co.uk\/cy\/1000-bychain\/cymryd-rhan\/#primaryimage"},"datePublished":"2020-07-13T15:58:49+00:00","dateModified":"2025-09-18T10:51:37+00:00","breadcrumb":{"@id":"https:\/\/funpalaces.co.uk\/cy\/1000-bychain\/cymryd-rhan\/#breadcrumb"},"inLanguage":"cy-GB","potentialAction":[{"@type":"ReadAction","target":["https:\/\/funpalaces.co.uk\/cy\/1000-bychain\/cymryd-rhan\/"]}]},{"@type":"BreadcrumbList","@id":"https:\/\/funpalaces.co.uk\/cy\/1000-bychain\/cymryd-rhan\/#breadcrumb","itemListElement":[{"@type":"ListItem","position":1,"name":"Home","item":"https:\/\/funpalaces.co.uk\/cy\/"},{"@type":"ListItem","position":2,"name":"1000 o Balasau Hwyl Bychain","item":"https:\/\/funpalaces.co.uk\/cy\/1000-bychain\/"},{"@type":"ListItem","position":3,"name":"Sut i Gymryd Rhan"}]}]}},"_links":{"self":[{"href":"https:\/\/funpalaces.co.uk\/cy\/wp-json\/wp\/v2\/pages\/501","targetHints":{"allow":["GET"]}}],"collection":[{"href":"https:\/\/funpalaces.co.uk\/cy\/wp-json\/wp\/v2\/pages"}],"about":[{"href":"https:\/\/funpalaces.co.uk\/cy\/wp-json\/wp\/v2\/types\/page"}],"author":[{"embeddable":true,"href":"https:\/\/funpalaces.co.uk\/cy\/wp-json\/wp\/v2\/users\/1"}],"replies":[{"embeddable":true,"href":"https:\/\/funpalaces.co.uk\/cy\/wp-json\/wp\/v2\/comments?post=501"}],"version-history":[{"count":0,"href":"https:\/\/funpalaces.co.uk\/cy\/wp-json\/wp\/v2\/pages\/501\/revisions"}],"up":[{"embeddable":true,"href":"https:\/\/funpalaces.co.uk\/cy\/wp-json\/wp\/v2\/pages\/500"}],"wp:attachment":[{"href":"https:\/\/funpalaces.co.uk\/cy\/wp-json\/wp\/v2\/media?parent=501"}],"curies":[{"name":"wp","href":"https:\/\/api.w.org\/{rel}","templated":true}]}}