{"id":313,"date":"2020-03-05T18:01:58","date_gmt":"2020-03-05T18:01:58","guid":{"rendered":"https:\/\/funpalaces.co.uk\/cy\/?page_id=313"},"modified":"2020-03-16T13:14:38","modified_gmt":"2020-03-16T13:14:38","slug":"polisi-defnydd-derbyniol","status":"publish","type":"page","link":"https:\/\/funpalaces.co.uk\/cy\/cyfreithiol\/polisi-defnydd-derbyniol\/","title":{"rendered":"Polisi Defnydd Derbyniol"},"content":{"rendered":"\n<p>Yr Ymgyrch\nPalasau Hwyl<\/p>\n\n\n\n<p>Polisi Defnydd\nDerbyniol<\/p>\n\n\n\n<p>Mae&#8217;r polisi\ndefnydd derbyniol yn disgrifio&#8217;r telerau rhyngoch chi a ni y gallwch gyrchu\ngwefan www.palasauhwyl.co.uk (y Wefan) oddi tanynt. Mae&#8217;r polisi defnydd\nderbyniol yn berthnasol i holl ddefnyddwyr y Wefan ac ymwelwyr \u00e2 hi.<\/p>\n\n\n\n<p>Mae eich defnydd\nchi o&#8217;r Wefan yn golygu eich bod yn derbyn, ac yn cytuno i lynu wrth, holl\ndelerau&#8217;r polisi defnydd derbyniol hwn, sy&#8217;n ychwanegol at delerau ac amodau\nein gwefan. Os ydych wedi cofrestru ar y wefan fel Cr\u00ebwr Palas Hwyl, mae&#8217;r\npolisi hwn yn berthnasol i chi hefyd ac yn ategu ein telerau ac amodau ar gyfer\nCrewyr Palasau Hwyl.<\/p>\n\n\n\n<p>Mae\nwww.palasauhwyl.co.uk yn wefan a weithredir gan Gwmni The Albany 2001, elusen\ngofrestredig a chwmni cyfyngedig trwy warant y mae ei swyddfa gofrestredig\nyn&nbsp; The Albany Centre, Douglas Way,\nDeptford, Llundain SE8 4AG (rhif cwmni 04333098) ar ran yr Ymgyrch Palasau\nHwyl, cymdeithas anghorfforedig.<\/p>\n\n\n\n<p>&nbsp;1. DEFNYDDIAU A WAHERDDIR<\/p>\n\n\n\n<p>1.1&nbsp;&nbsp;&nbsp;&nbsp;&nbsp;&nbsp; Gallwch ddefnyddio&#8217;r Wefan ddim ond at\nddibenion cyfreithlon. Ni allwch ddefnyddio&#8217;r Wefan:<\/p>\n\n\n\n<ul class=\"wp-block-list\"><li>Mewn unrhyw ffordd sy&#8217;n torri unrhyw gyfraith neu reoliad lleol, cenedlaethol neu ryngwladol perthnasol.<\/li><li>Mewn unrhyw ffordd sy&#8217;n anghyfreithlon neu&#8217;n dwyllodrus, neu sydd ag unrhyw ddiben neu effaith anghyfreithlon neu dwyllodrus.<\/li><li>At ddiben niweidio neu geisio niweidio plant dan oed mewn unrhyw ffordd.<\/li><li>I anfon, derbyn yn fwriadol, uwchlwytho, lawrlwytho, defnyddio neu ailddefnyddio unrhyw ddeunydd nad yw&#8217;n cydymffurfio \u00e2&#8217;n safonau o ran cynnwys ym mharagraff 3 isod.<\/li><li>Trawsyrru, neu achosi anfon, unrhyw ddeunydd hysbysebu neu hybu anawdurdodedig neu nas gofynnwyd amdanynt neu unrhyw ffurf debyg arall ar ddeisyfiad (sbam).<\/li><li>Trawsyrru, anfon, uwchlwytho neu fel arall cyflwyno&#8217;n fwriadol unrhyw ddeunydd sy&#8217;n cynnwys firysau, ceffylau Caerdroea, mwydod, ac unrhyw ddeunydd arall sy&#8217;n dechnolegol niweidiol neu&#8217;n ddinistriol neu wedi&#8217;i ddylunio i effeithio&#8217;n andwyol ar weithrediad unrhyw feddalwedd neu galedwedd cyfrifiadurol neu gronfa ddata sy&#8217;n gysylltiedig \u00e2&#8217;r Wefan. Mae&#8217;n rhaid i chi beidio ag ymosod ar y Wefan trwy ymosodiad atal gwasanaeth neu ymosodiad atal gwasanaeth dosbarthedig.<\/li><\/ul>\n\n\n\n<p>1.2&nbsp;&nbsp;&nbsp;&nbsp;&nbsp;&nbsp; Rydych yn cytuno hefyd i:<\/p>\n\n\n\n<p>Beidio \u00e2 chyrchu heb awdurdod, ymyrryd ag, difrodi neu aflonyddu ar:<\/p>\n\n\n\n<ul class=\"wp-block-list\"><li>unrhyw ran o&#8217;r Wefan;<\/li><li>unrhyw gyfarpar neu rwydwaith y mae&#8217;r Wefan wedi&#8217;i storio arno;<\/li><li>unrhyw feddalwedd a ddefnyddir wrth ddarparu&#8217;r Wefan; neu<\/li><li>unrhyw gyfarpar neu rwydwaith neu feddalwedd sy&#8217;n eiddo i unrhyw drydydd parti neu wedi&#8217;i ddefnyddio ganddo.<\/li><\/ul>\n\n\n\n<p>2. GWASANAETHAU\nRHYNGWEITHIOL<\/p>\n\n\n\n<p>2.1\u00a0\u00a0\u00a0\u00a0\u00a0\u00a0 O bryd i&#8217;w gilydd mae&#8217;n bosib y byddwn yn darparu gwasanaethau rhyngweithiol ar y Wefan, yn ddigyfyngiad:<\/p>\n\n\n\n<ul class=\"wp-block-list\"><li>Ystafelloedd sgwrsio.<\/li><li>Fforwm rhyngrwyd<\/li><\/ul>\n\n\n\n<p>2.2&nbsp;&nbsp;&nbsp;&nbsp;&nbsp;&nbsp; Pan fyddwn yn darparu unrhyw wasanaeth\nrhyngweithiol, byddwn yn darparu gwybodaeth glir i chi am y math o wasanaeth a\ngynigir, p&#8217;un a yw&#8217;n cael ei gymedroli ai beidio a pha ffurf ar gymedroli a\nddefnyddir (gan gynnwys p&#8217;un a yw&#8217;n ddynol neu wedi&#8217;i awtomeiddio).<\/p>\n\n\n\n<p>2.3&nbsp;&nbsp;&nbsp;&nbsp;&nbsp;&nbsp; Byddwn yn gwneud ein gorau i asesu\nunrhyw risgiau posib i ddefnyddwyr (ac yn benodol, i blant) o drydydd part\u00efon\nwrth iddynt ddefnyddio unrhyw wasanaeth rhyngweithiol a ddarperir ar y Wefan.\nYm mhob achos byddwn yn penderfynu a yw&#8217;n briodol defnyddio cymedroli ar y\ngwasanaeth dan sylw (gan gynnwys pa fath o gymedroli i&#8217;w ddefnyddio) yng\nngoleuni&#8217;r risgiau hynny. Fodd bynnag, nid ydym o dan unrhyw rwymedigaeth i\noruchwylio, monitro neu gymedroli unrhyw wasanaeth rhyngweithiol a ddarparwn ar\ny Wefan, ac rydym yn eithrio&#8217;n unswydd ein hatebolrwydd am unrhyw golled neu\nddifrod sy&#8217;n deillio o ddefnydd unrhyw ddefnyddiwr o wasanaeth rhyngweithiol\nsy&#8217;n groes i&#8217;n safonau o ran cynnwys, ni waeth p&#8217;un a yw&#8217;r gwasanaeth wedi&#8217;i\ngymedroli ai beidio.<\/p>\n\n\n\n<p>2.4&nbsp;&nbsp;&nbsp;&nbsp;&nbsp;&nbsp; Os ydych o dan 18 oed, gofynnwch am\nganiat\u00e2d gan eich rhiant neu warcheidwad cyn defnyddio&#8217;r Wefan. Rydym yn\ncynghori rhieni sy&#8217;n caniat\u00e1u i&#8217;w plant ddefnyddio gwasanaeth rhyngweithiol ei\nfod yn bwysig iddynt gyfathrebu \u00e2&#8217;u plant am eu diogelwch ar-lein, gan na ellir\ngwarantu cymedroli cant y cant. Dylid cynyddu ymwybyddiaeth pobl dan oed sy&#8217;n\ndefnyddio gwasanaeth rhyngweithiol am y risgiau posib sy&#8217;n bodoli iddynt.<\/p>\n\n\n\n<p>2.5&nbsp;&nbsp;&nbsp;&nbsp;&nbsp;&nbsp; Pan fyddwn yn cymedroli gwasanaeth\nrhyngweithiol, fel arfer byddwn yn darparu ffordd i chi gysylltu \u00e2&#8217;r\ncymedrolydd os bydd pryder neu anhawster yn codi.<\/p>\n\n\n\n<p>3. SAFONAU O RAN\nCYNNWYS<\/p>\n\n\n\n<p>3.1&nbsp;&nbsp;&nbsp;&nbsp;&nbsp;&nbsp; Mae&#8217;r safonau o ran cynnwys hyn yn\nberthnasol i unrhyw a phob deunydd a gyfrannwch at y Wefan (cyfraniadau) ac yn\nbenodol i&#8217;r holl ddeunyddiau a gyfrannwch at eich tudalen Palas Hwyl, ac i\nunrhyw wasanaethau rhyngweithiol sy&#8217;n gysylltiedig \u00e2 hi.<\/p>\n\n\n\n<p>3.2&nbsp;&nbsp;&nbsp;&nbsp;&nbsp;&nbsp; Mae&#8217;n rhaid i chi gydymffurfio ag ysbryd\na gair y safonau a ganlyn. Mae&#8217;r safonau&#8217;n berthnasol i bob rhan o unrhyw\ngyfraniad yn ogystal \u00e2&#8217;r cyfan ohono.<\/p>\n\n\n\n<p>3.3&nbsp;&nbsp;&nbsp;&nbsp;&nbsp;&nbsp; Mae&#8217;n rhaid i gyfraniadau:<\/p>\n\n\n\n<ul class=\"wp-block-list\"><li>Fod yn gywir (pan fyddant yn datgan ffeithiau).<\/li><li>Bod wedi&#8217;u dal yn ddiffuant (pan fyddant yn datgan barn).<\/li><li>Cydymffurfio \u00e2&#8217;r gyfraith berthnasol yn y Deyrnas Unedig ac mewn unrhyw wlad y maent yn cael eu postio ohoni.<\/li><\/ul>\n\n\n\n<p>3.4&nbsp;&nbsp;&nbsp;&nbsp;&nbsp;&nbsp; Mae&#8217;n rhaid i gyfraniadau beidio \u00e2:<\/p>\n\n\n\n<ul class=\"wp-block-list\"><li>Chynnwys unrhyw ddeunydd sy&#8217;n ddifr\u00efo unrhyw un.<\/li><li>Cynnwys unrhyw ddeunydd sy&#8217;n anllad, tramgwyddus, atgas neu&#8217;n rhy danllyd.<\/li><li>Hybu deunydd sy&#8217;n rhywiol ddinoethol.<\/li><li>Hybu trais.<\/li><li>Hybu gwahaniaethu seiliedig ar hil, rhyw, crefydd, cenedligrwydd, anabledd, tueddfryd rhywiol neu oedran.<\/li><li>Torri neu wneud defnydd anawdurdodedig o unrhyw hawlfraint, hawl i gronfa ddata neu nod masnach unrhyw unigolyn arall: mae hyn yn golygu bod yn rhaid i chi naill ai berchen ar neu feddu ar drwydded ddilys gan ddeiliad hawliau perthnasol yr hawliau yn eich cyfraniadau.<\/li><li>Bod yn debygol o dwyllo unrhyw un.<\/li><li>Cael eu gwneud yn groes i unrhyw ddyletswydd gyfreithiol sy&#8217;n rheidrwydd i drydydd parti, megis dyletswydd gontract neu ddyletswydd cyfrinachedd.<\/li><li>Hybu unrhyw weithgaredd anghyfreithlon.<\/li><li>Bod yn fygythiol, ymosodol neu darfu ar breifatrwydd rhywun arall, neu achosi blinder, anghyfleustra neu bryder diangen.<\/li><li>Bod yn debygol o aflonyddu ar, cynhyrfu, peri embaras, brawychu neu gythruddo unrhyw un arall.<\/li><li>Cael eu defnyddio i ddynwared unrhyw un, neu gam-gynrychioli eich hunaniaeth neu gysylltiad ag unrhyw unigolyn arall.<\/li><li>Rhoi&#8217;r argraff eu bod yn dod gennym ni neu gan yr Ymgyrch Palasau Hwyl, os nad yw hyn yn wir.<\/li><li>Eirioli, hybu neu gynorthwyo unrhyw weithred anghyfreithlon megis (dyma enghraifft yn unig) torri hawlfraint neu gamddefnyddio cyfrifiadur.<\/li><\/ul>\n\n\n\n<p>3.5&nbsp;&nbsp;&nbsp;&nbsp;&nbsp;&nbsp; O ran defnyddio cerddoriaeth fasnachol\n(cerddoriaeth o CD, Trac Sain neu MP3) ar y Wefan, am resymau cyfreithiol\ngofynnir i chi ymwrthod rhag defnyddio&#8217;r cyfryw gerddoriaeth mewn unrhyw\ngyfraniadau a wnewch i&#8217;r Wefan, oni bai eich bod wedi cael caniat\u00e2d\nysgrifenedig ymlaen llaw gan yr Ymgyrch Palasau Hwyl cyn uwchlwytho&#8217;r cynnwys a\ndarparu tystiolaeth bod gennych y drwydded ofynnol gan berchennog yr hawliau.\nByddai angen dod o hyd i ganiatadau penodol a allai fod yn ddrud ac yn faich ar\namser os manteisiwyd ar gerddoriaeth fasnachol ar y Wefan.<\/p>\n\n\n\n<p>3.6 &nbsp;&nbsp;&nbsp;&nbsp;&nbsp; O ran defnyddio cerddoriaeth, delweddau,\nsain neu gyfryngau eraill, uwchlwythwch y rhain ddim ond os ydych wedi cael\ncaniat\u00e2d ymlaen llaw a\/neu&#8217;r drwydded ofynnol gan y perchennog. Mae&#8217;n rhaid\ncael caniat\u00e2d ysgrifenedig i ffilmio \/ tynnu ffotograffau \/ recordio gan yr\nholl unigolion. Mae&#8217;n rhaid i&#8217;r caniat\u00e2d gynnwys yr hysbysiad y gall y gerddoriaeth,\nllais, ffilm, ffotograff gael ei ddefnyddio gennych chi neu&#8217;r Ymgyrch Palasau\nHwyl i hysbysebu&#8217;r digwyddiad \/ Ymgyrch.&nbsp;\n<\/p>\n\n\n\n<p>4. DIARDDEL A\nTHERFYNU<\/p>\n\n\n\n<p>4.1&nbsp;&nbsp;&nbsp;&nbsp;&nbsp;&nbsp; Yn \u00f4l ein disgresiwn, byddwn yn pennu\np&#8217;un a dorrwyd y polisi defnydd derbyniol hwn trwy eich defnydd o&#8217;r Wefan. Pan\ndorrir y polisi hwn, mae&#8217;n bosib y byddwn yn cymryd y cyfryw gamau y tybiwn eu\nbod yn briodol.<\/p>\n\n\n\n<p>4.2\u00a0\u00a0\u00a0\u00a0\u00a0\u00a0 Mae methu \u00e2 chydymffurfio \u00e2&#8217;r polisi defnydd derbyniol hwn yn gyfystyr \u00e2 thorri telerau ac amodau&#8217;r Wefan yn faterol neu, os ydych wedi cofrestru fel Cr\u00ebwr Palas Hwyl, y telerau ac amodau Cr\u00ebwr Palas Hwyl, a all olygu i ni gymryd yr holl gamau a ganlyn neu unrhyw un ohonynt:<\/p>\n\n\n\n<ul class=\"wp-block-list\"><li>Diddymu eich hawl i ddefnyddio&#8217;r Wefan ar unwaith, dros dro neu&#8217;n barhaol.<\/li><li>Dileu unrhyw bostiadau neu ddeunyddiau a uwchlwythwyd gennych i&#8217;r Wefan ar unwaith, dros dro neu&#8217;n barhaol.<\/li><li>Cyflwyno rhybudd i chi.<\/li><li>Trafodion cyfreithiol yn eich erbyn chi er mwyn adennill pob colled a chost (gan gynnwys, ond heb fod yn gyfyngedig i, costau gweinyddol a chyfreithiol) o ganlyniad i&#8217;r tor-rheol.<\/li><li>Camau cyfreithiol pellach yn eich erbyn chi.<\/li><li>Datgelu&#8217;r cyfryw wybodaeth i awdurdodau gorfodi&#8217;r gyfraith y tybiwn yn rhesymol ei bod yn ofynnol.<\/li><\/ul>\n\n\n\n<p>4.3&nbsp;&nbsp;&nbsp;&nbsp;&nbsp;&nbsp; Mae The Albany Company 2001 a&#8217;r Ymgyrch\nPalasau Hwyl yn eithrio atebolrwydd am gamau a gymerir wrth ymateb i dorri&#8217;r\npolisi defnydd derbyniol hwn. Nid yw&#8217;r ymatebion yn gyfyngedig i&#8217;r hyn a\nddisgrifir yn y polisi hwn, a gallwn gymryd unrhyw gamau eraill y tybiwn eu bod\nyn briodol.<\/p>\n\n\n\n<p>5. NEWIDIADAU I&#8217;R\nPOLISI DEFNYDD DERBYNIOL<\/p>\n\n\n\n<p>Gallwn adolygu&#8217;r\npolisi defnydd derbyniol hwn unrhyw bryd trwy ddiwygio&#8217;r dudalen hon. Disgwylir\ni chi wirio&#8217;r dudalen hon o bryd i&#8217;w gilydd i gymryd sylw o unrhyw newidiadau a\nwnawn, gan eu bod yn gyfreithiol rwymol arnoch. Gall rhai o&#8217;r darpariaethau\nsydd wedi&#8217;u cynnwys yn y polisi defnydd derbyniol hwn gael eu disodli gan\nddarpariaethau neu hysbysiadau a gyhoeddir rhywle arall ar y Wefan.<\/p>\n\n\n\n<p>Diweddariad\ndiwethaf: 4.3.2020<\/p>\n","protected":false},"excerpt":{"rendered":"<p>Yr Ymgyrch Palasau Hwyl Polisi Defnydd Derbyniol Mae&#8217;r polisi defnydd derbyniol yn disgrifio&#8217;r telerau rhyngoch chi a ni y gallwch gyrchu gwefan www.palasauhwyl.co.uk (y Wefan) oddi tanynt. Mae&#8217;r polisi defnydd derbyniol yn berthnasol i holl&hellip;<\/p>\n","protected":false},"author":130,"featured_media":0,"parent":130,"menu_order":4,"comment_status":"closed","ping_status":"closed","template":"","meta":{"_mkdo_core_block_meta_as_title":"","footnotes":"","mkdo_translation_country_code":"","mkdo_translation_language_code":"","mkdo_translation_id_language_cy":"","mkdo_translation_id_language_en":"1_22948"},"class_list":["post-313","page","type-page","status-publish","hentry"],"yoast_head":"<!-- This site is optimized with the Yoast SEO plugin v18.2 - https:\/\/yoast.com\/wordpress\/plugins\/seo\/ -->\n<title>Polisi Defnydd Derbyniol - Fun Palaces Cymru<\/title>\n<meta name=\"robots\" content=\"index, follow, max-snippet:-1, max-image-preview:large, max-video-preview:-1\" \/>\n<link rel=\"canonical\" href=\"https:\/\/funpalaces.co.uk\/cy\/cyfreithiol\/polisi-defnydd-derbyniol\/\" \/>\n<meta property=\"og:locale\" content=\"cy_GB\" \/>\n<meta property=\"og:type\" content=\"article\" \/>\n<meta property=\"og:title\" content=\"Polisi Defnydd Derbyniol - Fun Palaces Cymru\" \/>\n<meta property=\"og:description\" content=\"Yr Ymgyrch Palasau Hwyl Polisi Defnydd Derbyniol Mae&#8217;r polisi defnydd derbyniol yn disgrifio&#8217;r telerau rhyngoch chi a ni y gallwch gyrchu gwefan www.palasauhwyl.co.uk (y Wefan) oddi tanynt. Mae&#8217;r polisi defnydd derbyniol yn berthnasol i holl&hellip;\" \/>\n<meta property=\"og:url\" content=\"https:\/\/funpalaces.co.uk\/cy\/cyfreithiol\/polisi-defnydd-derbyniol\/\" \/>\n<meta property=\"og:site_name\" content=\"Fun Palaces Cymru\" \/>\n<meta property=\"article:publisher\" content=\"https:\/\/www.facebook.com\/FunPalaces\/\" \/>\n<meta property=\"article:modified_time\" content=\"2020-03-16T13:14:38+00:00\" \/>\n<meta name=\"twitter:card\" content=\"summary_large_image\" \/>\n<meta name=\"twitter:site\" content=\"@funpalaces\" \/>\n<meta name=\"twitter:label1\" content=\"Est. reading time\" \/>\n\t<meta name=\"twitter:data1\" content=\"8 minutes\" \/>\n<script type=\"application\/ld+json\" class=\"yoast-schema-graph\">{\"@context\":\"https:\/\/schema.org\",\"@graph\":[{\"@type\":\"Organization\",\"@id\":\"https:\/\/funpalaces.co.uk\/cy\/#organization\",\"name\":\"Palasau Hwyl\",\"url\":\"https:\/\/funpalaces.co.uk\/cy\/\",\"sameAs\":[\"https:\/\/www.facebook.com\/FunPalaces\/\",\"https:\/\/www.instagram.com\/funpalaces\/\",\"https:\/\/twitter.com\/funpalaces\"],\"logo\":{\"@type\":\"ImageObject\",\"@id\":\"https:\/\/funpalaces.co.uk\/cy\/#logo\",\"inLanguage\":\"cy-GB\",\"url\":\"\",\"contentUrl\":\"\",\"caption\":\"Palasau Hwyl\"},\"image\":{\"@id\":\"https:\/\/funpalaces.co.uk\/cy\/#logo\"}},{\"@type\":\"WebSite\",\"@id\":\"https:\/\/funpalaces.co.uk\/cy\/#website\",\"url\":\"https:\/\/funpalaces.co.uk\/cy\/\",\"name\":\"Fun Palaces Cymru\",\"description\":\"Cymuned wrth galon Diwylliant\",\"publisher\":{\"@id\":\"https:\/\/funpalaces.co.uk\/cy\/#organization\"},\"potentialAction\":[{\"@type\":\"SearchAction\",\"target\":{\"@type\":\"EntryPoint\",\"urlTemplate\":\"https:\/\/funpalaces.co.uk\/cy\/?s={search_term_string}\"},\"query-input\":\"required name=search_term_string\"}],\"inLanguage\":\"cy-GB\"},{\"@type\":\"WebPage\",\"@id\":\"https:\/\/funpalaces.co.uk\/cy\/cyfreithiol\/polisi-defnydd-derbyniol\/#webpage\",\"url\":\"https:\/\/funpalaces.co.uk\/cy\/cyfreithiol\/polisi-defnydd-derbyniol\/\",\"name\":\"Polisi Defnydd Derbyniol - Fun Palaces Cymru\",\"isPartOf\":{\"@id\":\"https:\/\/funpalaces.co.uk\/cy\/#website\"},\"datePublished\":\"2020-03-05T18:01:58+00:00\",\"dateModified\":\"2020-03-16T13:14:38+00:00\",\"breadcrumb\":{\"@id\":\"https:\/\/funpalaces.co.uk\/cy\/cyfreithiol\/polisi-defnydd-derbyniol\/#breadcrumb\"},\"inLanguage\":\"cy-GB\",\"potentialAction\":[{\"@type\":\"ReadAction\",\"target\":[\"https:\/\/funpalaces.co.uk\/cy\/cyfreithiol\/polisi-defnydd-derbyniol\/\"]}]},{\"@type\":\"BreadcrumbList\",\"@id\":\"https:\/\/funpalaces.co.uk\/cy\/cyfreithiol\/polisi-defnydd-derbyniol\/#breadcrumb\",\"itemListElement\":[{\"@type\":\"ListItem\",\"position\":1,\"name\":\"Home\",\"item\":\"https:\/\/funpalaces.co.uk\/cy\/\"},{\"@type\":\"ListItem\",\"position\":2,\"name\":\"Cyfreithiol\",\"item\":\"https:\/\/funpalaces.co.uk\/cy\/cyfreithiol\/\"},{\"@type\":\"ListItem\",\"position\":3,\"name\":\"Polisi Defnydd Derbyniol\"}]}]}<\/script>\n<!-- \/ Yoast SEO plugin. -->","yoast_head_json":{"title":"Polisi Defnydd Derbyniol - Fun Palaces Cymru","robots":{"index":"index","follow":"follow","max-snippet":"max-snippet:-1","max-image-preview":"max-image-preview:large","max-video-preview":"max-video-preview:-1"},"canonical":"https:\/\/funpalaces.co.uk\/cy\/cyfreithiol\/polisi-defnydd-derbyniol\/","og_locale":"cy_GB","og_type":"article","og_title":"Polisi Defnydd Derbyniol - Fun Palaces Cymru","og_description":"Yr Ymgyrch Palasau Hwyl Polisi Defnydd Derbyniol Mae&#8217;r polisi defnydd derbyniol yn disgrifio&#8217;r telerau rhyngoch chi a ni y gallwch gyrchu gwefan www.palasauhwyl.co.uk (y Wefan) oddi tanynt. Mae&#8217;r polisi defnydd derbyniol yn berthnasol i holl&hellip;","og_url":"https:\/\/funpalaces.co.uk\/cy\/cyfreithiol\/polisi-defnydd-derbyniol\/","og_site_name":"Fun Palaces Cymru","article_publisher":"https:\/\/www.facebook.com\/FunPalaces\/","article_modified_time":"2020-03-16T13:14:38+00:00","twitter_card":"summary_large_image","twitter_site":"@funpalaces","twitter_misc":{"Est. reading time":"8 minutes"},"schema":{"@context":"https:\/\/schema.org","@graph":[{"@type":"Organization","@id":"https:\/\/funpalaces.co.uk\/cy\/#organization","name":"Palasau Hwyl","url":"https:\/\/funpalaces.co.uk\/cy\/","sameAs":["https:\/\/www.facebook.com\/FunPalaces\/","https:\/\/www.instagram.com\/funpalaces\/","https:\/\/twitter.com\/funpalaces"],"logo":{"@type":"ImageObject","@id":"https:\/\/funpalaces.co.uk\/cy\/#logo","inLanguage":"cy-GB","url":"","contentUrl":"","caption":"Palasau Hwyl"},"image":{"@id":"https:\/\/funpalaces.co.uk\/cy\/#logo"}},{"@type":"WebSite","@id":"https:\/\/funpalaces.co.uk\/cy\/#website","url":"https:\/\/funpalaces.co.uk\/cy\/","name":"Fun Palaces Cymru","description":"Cymuned wrth galon Diwylliant","publisher":{"@id":"https:\/\/funpalaces.co.uk\/cy\/#organization"},"potentialAction":[{"@type":"SearchAction","target":{"@type":"EntryPoint","urlTemplate":"https:\/\/funpalaces.co.uk\/cy\/?s={search_term_string}"},"query-input":"required name=search_term_string"}],"inLanguage":"cy-GB"},{"@type":"WebPage","@id":"https:\/\/funpalaces.co.uk\/cy\/cyfreithiol\/polisi-defnydd-derbyniol\/#webpage","url":"https:\/\/funpalaces.co.uk\/cy\/cyfreithiol\/polisi-defnydd-derbyniol\/","name":"Polisi Defnydd Derbyniol - Fun Palaces Cymru","isPartOf":{"@id":"https:\/\/funpalaces.co.uk\/cy\/#website"},"datePublished":"2020-03-05T18:01:58+00:00","dateModified":"2020-03-16T13:14:38+00:00","breadcrumb":{"@id":"https:\/\/funpalaces.co.uk\/cy\/cyfreithiol\/polisi-defnydd-derbyniol\/#breadcrumb"},"inLanguage":"cy-GB","potentialAction":[{"@type":"ReadAction","target":["https:\/\/funpalaces.co.uk\/cy\/cyfreithiol\/polisi-defnydd-derbyniol\/"]}]},{"@type":"BreadcrumbList","@id":"https:\/\/funpalaces.co.uk\/cy\/cyfreithiol\/polisi-defnydd-derbyniol\/#breadcrumb","itemListElement":[{"@type":"ListItem","position":1,"name":"Home","item":"https:\/\/funpalaces.co.uk\/cy\/"},{"@type":"ListItem","position":2,"name":"Cyfreithiol","item":"https:\/\/funpalaces.co.uk\/cy\/cyfreithiol\/"},{"@type":"ListItem","position":3,"name":"Polisi Defnydd Derbyniol"}]}]}},"_links":{"self":[{"href":"https:\/\/funpalaces.co.uk\/cy\/wp-json\/wp\/v2\/pages\/313","targetHints":{"allow":["GET"]}}],"collection":[{"href":"https:\/\/funpalaces.co.uk\/cy\/wp-json\/wp\/v2\/pages"}],"about":[{"href":"https:\/\/funpalaces.co.uk\/cy\/wp-json\/wp\/v2\/types\/page"}],"author":[{"embeddable":true,"href":"https:\/\/funpalaces.co.uk\/cy\/wp-json\/wp\/v2\/users\/130"}],"replies":[{"embeddable":true,"href":"https:\/\/funpalaces.co.uk\/cy\/wp-json\/wp\/v2\/comments?post=313"}],"version-history":[{"count":0,"href":"https:\/\/funpalaces.co.uk\/cy\/wp-json\/wp\/v2\/pages\/313\/revisions"}],"up":[{"embeddable":true,"href":"https:\/\/funpalaces.co.uk\/cy\/wp-json\/wp\/v2\/pages\/130"}],"wp:attachment":[{"href":"https:\/\/funpalaces.co.uk\/cy\/wp-json\/wp\/v2\/media?parent=313"}],"curies":[{"name":"wp","href":"https:\/\/api.w.org\/{rel}","templated":true}]}}