{"id":134,"date":"2020-02-19T09:28:12","date_gmt":"2020-02-19T09:28:12","guid":{"rendered":"https:\/\/funpalaces.co.uk\/cy\/?page_id=134"},"modified":"2020-03-16T13:14:38","modified_gmt":"2020-03-16T13:14:38","slug":"polisi-preifatrwydd","status":"publish","type":"page","link":"https:\/\/funpalaces.co.uk\/cy\/cyfreithiol\/polisi-preifatrwydd\/","title":{"rendered":"Polisi Preifatrwydd"},"content":{"rendered":"\n<p>Yn yr Ymgyrch\nPalasau Hwyl rydym yn ymroddedig i ddiogelu eich preifatrwydd. Pan fyddwch yn\nrhyngweithio \u00e2 ni dros y ff\u00f4n, trwy&#8217;r post, yn bersonol neu ar-lein, rydym\nweithiau&#8217;n derbyn gwybodaeth bersonol amdanoch chi. Mae&#8217;r dudalen hon, ynghyd\n\u00e2&#8217;n telerau ac amodau gwefan, yn eich hysbysu am sut rydym yn cywain, defnyddio\nac yn storio eich gwybodaeth bersonol.<\/p>\n\n\n\n<p><strong>Sut ydym ni&#8217;n\ncywain gwybodaeth amdanoch chi?<\/strong><\/p>\n\n\n\n<p>Mae&#8217;n bosib y\nbyddwn yn cywain gwybodaeth amdanoch chi pryd bynnag y byddwch yn rhyngweithio\n\u00e2 ni. Er enghraifft, pan fyddwch yn cofrestru fel Palas Hwyl, yn rhoddi i ni,\nyn gofyn i ni am ein gweithgareddau neu fel arall yn rhoi unrhyw wybodaeth\nbersonol arall i ni.<\/p>\n\n\n\n<p><strong>Pwy sy&#8217;n\ncywain yr wybodaeth?<\/strong><\/p>\n\n\n\n<p>Pan fyddwch ar y\nwefan Palasau Hwyl ac rydym yn gofyn i chi am wybodaeth bersonol rydych yn\nrhannu&#8217;r wybodaeth honno gyda th\u00eem yr Ymgyrch Palasau Hwyl yn unig, at\nddibenion rhedeg y digwyddiad yn llwyddiannus. Oni chaiff ei nodi&#8217;n benodol fel\narall &#8211; ni fyddwn yn trosglwyddo eich enw neu gyfeiriad e-bost i drydydd\npart\u00efon, gan gynnwys sefydliadau a chwmn\u00efau sy&#8217;n bartneriaid i ni neu&#8217;n cefnogi\nni.<\/p>\n\n\n\n<p><strong>Pa wybodaeth\nydym ni&#8217;n ei chywain a sut ydym ni&#8217;n ei defnyddio?<\/strong><\/p>\n\n\n\n<p>Mae&#8217;r Ymgyrch\nPalasau Hwyl yn cywain gwybodaeth o rannau gwahanol o&#8217;r wefan mewn amrywiaeth o\nffyrdd. Mae rhywfaint o wybodaeth yn cael ei chywain pan fyddwch yn cofrestru i\ngreu Palas Hwyl ac yn creu Cyfrif. Wrth i chi gofrestru i drefnu Palas Hwyl,\nrydym yn gofyn am eich enw, cyfeiriad e-bost, rhif ff\u00f4n cyswllt a chyfeiriad.\nRydym yn gofyn hefyd a ydych wedi creu Palas Hwyl yn flaenorol. Ar y pwynt\nhwnnw rydym hefyd yn gofyn i chi lenwi rhywfaint o wybodaeth ychwanegol &#8211; mae\nhyn yn gyfan gwbl yn \u00f4l eich disgresiwn chi ac mae ein diddordeb yn yr\nwybodaeth hon at ddibenion monitro&#8217;n unig.<\/p>\n\n\n\n<p>Ar y pwynt\ncofrestru i greu Palas Hwyl mae cyfle gennych i ddewis derbyn e-byst gan yr\nYmgyrch Palasau Hwyl. Gall pobl ymweld \u00e2&#8217;r wefan heb gofrestru a dewis derbyn\ncylchlythyron gan Yr Ymgyrch Palasau Hwyl hefyd. Byddwn yn gyrru e-byst\nrheolaidd at bobl sydd wedi dewis derbyn e-byst gennym, er mwyn i&#8217;r t\u00eem roi\ndiweddariadau iddynt a&#8217;u helpu gyda rhedeg digwyddiadau Palasau Hwyl ledled y\nwlad yn llwyddiannus. Fodd bynnag, os nad ydych eisiau derbyn e-byst yn y\ndyfodol, gallwch ddad-danysgrifio unrhyw bryd trwy glicio&#8217;r ddolen\n&#8220;dad-danysgrifio&#8221; sydd wedi&#8217;i chynnwys ar bob cyfathrebiad.<\/p>\n\n\n\n<p>Mae&#8217;r Ymgyrch Palasau\nHwyl yn gofyn i ddefnyddwyr gwblhau arolygon at ddibenion ymchwil o bryd i&#8217;w\ngilydd hefyd. Os hoffech chi ddewis i beidio \u00e2 derbyn yr e-byst hyn unrhyw bryd\nneu adrodd am gamddefnydd, cysylltwch \u00e2 ni yn hello@funpalaces.co.uk.<\/p>\n\n\n\n<p>Pryd\/os byddwch\nyn cysylltu \u00e2&#8217;r Ymgyrch Palasau Hwyl, mae&#8217;n bosib y byddwn yn cadw cofnod o&#8217;r\nohebiaeth honno.<\/p>\n\n\n\n<p>Gallwch\nddefnyddio ein gwefan yn ddienw heb roi unrhyw wybodaeth i ni ac ni fyddwn yn\ngwybod pwy ydych chi.<\/p>\n\n\n\n<p>Os byddwch yn\nymweld \u00e2&#8217;n gwefan yn ddienw, mae&#8217;n bosib y byddwn yn cofnodi gwybodaeth o hyd\nam<\/p>\n\n\n\n<ul class=\"wp-block-list\"><li>y\nrhannau o&#8217;r wefan rydych yn ymweld \u00e2 nhw<\/li><li>faint\no amser rydych yn ei dreulio ar y wefan<\/li><li>p&#8217;un\na ydych yn ymweld \u00e2&#8217;r wefan o&#8217;r newydd, neu wedi ymweld \u00e2 hi&#8217;n flaenorol<\/li><li>sut y\ndaethoch chi i&#8217;n gwefan &#8211; er enghraifft, trwy ddolen e-bost neu beiriant\nchwilio<\/li><li>y\nmath o gyfrifiadur, porwr, lleoliad rhwydwaith a chysylltiad rhyngrwyd a ddefnyddiwch.<\/li><\/ul>\n\n\n\n<p><strong>Ar y wefan yn\ngyffredinol<\/strong><\/p>\n\n\n\n<p>Rydym yn\ndefnyddio Google Analytics i ddeall sut mae pobl yn defnyddio ein gwefan er\nmwyn i ni ei gwneud yn fwy effeithiol. Mae Google Analytics yn cywain\ngwybodaeth ddienw am beth mae pobl yn ei wneud ar ein gwefan, o ble y maent\nwedi dod, a pha un a ydynt wedi cwblhau unrhyw dasgau ar y wefan, er\nenghraifft, cofrestru ar gyfer gwirfoddoli neu roddi. Mae Google Analytics yn\ntracio&#8217;r wybodaeth hon gan ddefnyddio cwcis a ch\u00f4d JavaScript.<\/p>\n\n\n\n<p><strong>Gyda phwy ydym\nni&#8217;n rhannu&#8217;r wybodaeth hon?<\/strong><\/p>\n\n\n\n<p>Fel rheol\ngyffredinol, ni fyddwn yn datgelu unrhyw ran o&#8217;r wybodaeth a all eich adnabod\nchi&#8217;n bersonol oni bai y bydd gennym ganiat\u00e2d gennych neu o dan amgylchiadau\narbennig, megis pan fyddwn yn tybio&#8217;n ddidwyll ei bod yn ofynnol yn \u00f4l y gyfraith.\nBydd yr Ymgyrch Palasau Hwyl yn diogelu cyfrinachedd a diogeledd yr wybodaeth\nhonno, ac ni fydd yn caniat\u00e1u i drydydd part\u00efon ddefnyddio&#8217;r wybodaeth honno\nheblaw mewn perthynas \u00e2&#8217;r darpariaethau sy&#8217;n gweddu i ddigwyddiadau Palasau\nHwyl.<\/p>\n\n\n\n<p>Gall yr Ymgyrch\nPalasau Hwyl gadw Cynnwys a gall datgelu Cynnwys i unrhyw drydydd parti os bydd\ny gyfraith yn mynnu ei bod yn gwneud hynny neu os cred yn ddidwyll bod angen\ncadw neu ddatgelu&#8217;r cyfryw Gynnwys i:<\/p>\n\n\n\n<p>(a) gydymffurfio\n\u00e2 phroses gyfreithiol<\/p>\n\n\n\n<p>(b) gorfodi&#8217;r\nTelerau Gwasanaeth&nbsp;<\/p>\n\n\n\n<p>(c) diogelu\nhawliau, eiddo neu ddiogelwch personol Palasau Hwyl, eu haelodau a&#8217;r cyhoedd<\/p>\n\n\n\n<p><strong>Sut rydym yn\ndiogelu&#8217;ch gwybodaeth bersonol<\/strong><\/p>\n\n\n\n<p>Rydym yn cymryd\ncamau ffisegol, electronig a rheoli priodol i sicrhau ein bod yn cadw eich\ngwybodaeth yn ddiogel, yn gywir ac yn ddiweddar, a&#8217;n bod yn ei chadw dim ond\ncyhyd ag y bo&#8217;n rhesymol ac yn angenrheidiol.<\/p>\n\n\n\n<p><strong>Eich cydsyniad<\/strong><\/p>\n\n\n\n<p>Trwy roi eich\ngwybodaeth bersonol i ni rydych yn rhoi cydsyniad i ni gywain a defnyddio&#8217;r\nwybodaeth honno yn y ffyrdd yr ydym yn eu disgrifio yn y polisi preifatrwydd\nhwn.<\/p>\n\n\n\n<p><strong>Sut y gallwch\ngyrchu, diweddaru neu ddileu eich gwybodaeth<\/strong><\/p>\n\n\n\n<p>Gallwch newid\neich gwybodaeth i gyd neu unrhyw ran ohono trwy gysylltu \u00e2&#8217;r Ymgyrch Palasau\nHwyl ar hello@funpalaces.co.uk.<\/p>\n\n\n\n<p><strong>Beth yw cwcis\na sut maent yn cael eu defnyddio<\/strong><\/p>\n\n\n\n<p>Mae&#8217;r Ymgyrch\nPalasau Hwyl yn defnyddio cwcis i storio gwybodaeth amdanoch chi. Mae cwci yn\ndarn bach o ddata sy&#8217;n cael ei anfon i&#8217;ch porwr o weinydd gwe a&#8217;i storio ar\neich cyfrifiadur. Mae&#8217;r Ymgyrch Palasau Hwyl yn defnyddio cwcis i nodi p&#8217;un a\nyw defnyddiwr gwefan wedi mewngofnodi ai beidio, ble i ddod o hyd i fanylion\nall gael eu defnyddio i rag-lenwi rhannau o ffurflenni ar-lein ac i bersonoli\nymweliad y defnyddiwr \u00e2&#8217;r wefan. Maent yn cael eu defnyddio hefyd i dracio&#8217;n\nddienw pa rannau o&#8217;r wefan sy&#8217;n boblogaidd a pha rannau nad ydynt yn cael eu\ndefnyddio; mae hyn yn ein galluogi ni i fonitro a gwella gwe-lywio a chynnwys y\nwefan.<\/p>\n\n\n\n<p>Mae porwyr\nrhyngrwyd fel arfer yn derbyn cwcis yn ddiofyn; er hynny, mae&#8217;n bosib gosod\nporwr i wrthod cwcis. Trwy addasu dewisiadau eich porwr, gallwch ddewis derbyn\npob cwci, cael eich hysbysu pan osodir cwci neu wrthod pob cwci. Os byddwch yn\ndewis gwrthod cwcis, ni fydd modd i chi ddefnyddio&#8217;r rhannau o&#8217;r gwasanaeth\nPalasau Hwyl y mae angen cofrestru ar eu cyfer er mwyn cymryd rhan. Cliciwch\nyma i ddarllen mwy am <a href=\"https:\/\/funpalaces.co.uk\/legal\/cookies-policy\/\">ein polisi\ncwcis<\/a>.<\/p>\n\n\n\n<p><strong>Pa\nweithdrefnau sy&#8217;n bodoli i amddiffyn rhag colli, camddefnyddio neu newid\ngwybodaeth?<\/strong><\/p>\n\n\n\n<p>Cofiwch\nallgofnodi o&#8217;ch cyfrifiadur neu gau ffenest eich porwr pan fyddwch wedi gorffen\neich gwaith er mwyn sicrhau na all unrhyw un arall gael mynediad i&#8217;ch\ngwybodaeth a gohebiaeth bersonol.<\/p>\n\n\n\n<p>Gwaetha&#8217;r modd,\nni ellir warantu y bydd unrhyw drosglwyddiad data dros y rhyngrwyd 100% yn\nddiogel. O ganlyniad i hyn, er ein bod yn gwneud ymdrech i ddiogelu eich\ngwybodaeth bersonol, ni all yr Ymgyrch Palasau Hwyl sicrhau neu warantu\ndiogeledd unrhyw wybodaeth a drosglwyddwch i ni neu o&#8217;n nwyddau neu wasanaethau\nar-lein, ac rydych yn gwneud hyn ar eich menter eich hun.<\/p>\n\n\n\n<p><strong>Beth arall\ndylwn i wybod am fy mhreifatrwydd?<\/strong><\/p>\n\n\n\n<p>Pryd bynnag y\nbyddwch yn datgelu gwybodaeth bersonol ar-lein o&#8217;ch gwirfodd, gan gynnwys yn\neich gohebiaeth o fewn gr\u0175p trafod, gall pobl eraill gywain a defnyddio&#8217;r\nwybodaeth honno. Yn gryno, os byddwch yn datgelu gwybodaeth bersonol ar-lein\nsy&#8217;n hygyrch i unrhyw un arall, mae&#8217;n bosib y byddwch yn derbyn negeseuon\ndieisiau gan bart\u00efon eraill yn gyfnewid.<\/p>\n\n\n\n<p>Os byddwch yn\nhygyrchu gwefannau eraill gan ddefnyddio&#8217;r dolenni a ddarperir, dylech fod yn\nymwybodol bod y rhain y tu hwnt i&#8217;n rheolaeth ni. Os byddwch yn darparu data\npersonol i gwmn\u00efau eraill, mae polis\u00efau preifatrwydd y cwmn\u00efau hynny&#8217;n pennu at\nba ddiben y defnyddir yr wybodaeth honno ac ni fydd yr Ymgyrch Palasau Hwyl yn\nberthnasol mwyach.<\/p>\n\n\n\n<p>Mae&#8217;n bosib y\nbydd y polisi hwn yn newid o bryd i&#8217;w gilydd, felly gwiriwch y dudalen hon o\ndro i dro. Yn y pen draw, chi yn unig sy&#8217;n gyfrifol am gynnal cyfrinachedd\nunrhyw wybodaeth amdanoch eich hun. Byddwch yn ofalus ac yn gyfrifol pryd\nbynnag y byddwch ar-lein.<\/p>\n\n\n\n<p>Deddf Diogelu\nData<\/p>\n\n\n\n<p>Mae&#8217;r Ymgyrch\nPalasau Hwyl yn ymroddedig i ddiogelwch a phreifatrwydd eich data personol, a\nbydd yn cydymffurfio \u00e2&#8217;r holl ofynion o dan Reoliad Diogelu Data Cyffredinol\n2018 (GDPR). <\/p>\n\n\n\n<p>Diweddariad\ndiwethaf: 4\/3\/2020<\/p>\n","protected":false},"excerpt":{"rendered":"<p>Yn yr Ymgyrch Palasau Hwyl rydym yn ymroddedig i ddiogelu eich preifatrwydd. Pan fyddwch yn rhyngweithio \u00e2 ni dros y ff\u00f4n, trwy&#8217;r post, yn bersonol neu ar-lein, rydym weithiau&#8217;n derbyn gwybodaeth bersonol amdanoch chi. Mae&#8217;r&hellip;<\/p>\n","protected":false},"author":130,"featured_media":0,"parent":130,"menu_order":5,"comment_status":"closed","ping_status":"closed","template":"","meta":{"_mkdo_core_block_meta_as_title":"","footnotes":"","mkdo_translation_country_code":"","mkdo_translation_language_code":"","mkdo_translation_id_language_cy":"","mkdo_translation_id_language_en":"1_22311"},"class_list":["post-134","page","type-page","status-publish","hentry"],"yoast_head":"<!-- This site is optimized with the Yoast SEO plugin v18.2 - https:\/\/yoast.com\/wordpress\/plugins\/seo\/ -->\n<title>Polisi Preifatrwydd - Fun Palaces Cymru<\/title>\n<meta name=\"robots\" content=\"index, follow, max-snippet:-1, max-image-preview:large, max-video-preview:-1\" \/>\n<link rel=\"canonical\" href=\"https:\/\/funpalaces.co.uk\/cy\/cyfreithiol\/polisi-preifatrwydd\/\" \/>\n<meta property=\"og:locale\" content=\"cy_GB\" \/>\n<meta property=\"og:type\" content=\"article\" \/>\n<meta property=\"og:title\" content=\"Polisi Preifatrwydd - Fun Palaces Cymru\" \/>\n<meta property=\"og:description\" content=\"Yn yr Ymgyrch Palasau Hwyl rydym yn ymroddedig i ddiogelu eich preifatrwydd. Pan fyddwch yn rhyngweithio \u00e2 ni dros y ff\u00f4n, trwy&#8217;r post, yn bersonol neu ar-lein, rydym weithiau&#8217;n derbyn gwybodaeth bersonol amdanoch chi. Mae&#8217;r&hellip;\" \/>\n<meta property=\"og:url\" content=\"https:\/\/funpalaces.co.uk\/cy\/cyfreithiol\/polisi-preifatrwydd\/\" \/>\n<meta property=\"og:site_name\" content=\"Fun Palaces Cymru\" \/>\n<meta property=\"article:publisher\" content=\"https:\/\/www.facebook.com\/FunPalaces\/\" \/>\n<meta property=\"article:modified_time\" content=\"2020-03-16T13:14:38+00:00\" \/>\n<meta name=\"twitter:card\" content=\"summary_large_image\" \/>\n<meta name=\"twitter:site\" content=\"@funpalaces\" \/>\n<meta name=\"twitter:label1\" content=\"Est. reading time\" \/>\n\t<meta name=\"twitter:data1\" content=\"7 minutes\" \/>\n<script type=\"application\/ld+json\" class=\"yoast-schema-graph\">{\"@context\":\"https:\/\/schema.org\",\"@graph\":[{\"@type\":\"Organization\",\"@id\":\"https:\/\/funpalaces.co.uk\/cy\/#organization\",\"name\":\"Palasau Hwyl\",\"url\":\"https:\/\/funpalaces.co.uk\/cy\/\",\"sameAs\":[\"https:\/\/www.facebook.com\/FunPalaces\/\",\"https:\/\/www.instagram.com\/funpalaces\/\",\"https:\/\/twitter.com\/funpalaces\"],\"logo\":{\"@type\":\"ImageObject\",\"@id\":\"https:\/\/funpalaces.co.uk\/cy\/#logo\",\"inLanguage\":\"cy-GB\",\"url\":\"\",\"contentUrl\":\"\",\"caption\":\"Palasau Hwyl\"},\"image\":{\"@id\":\"https:\/\/funpalaces.co.uk\/cy\/#logo\"}},{\"@type\":\"WebSite\",\"@id\":\"https:\/\/funpalaces.co.uk\/cy\/#website\",\"url\":\"https:\/\/funpalaces.co.uk\/cy\/\",\"name\":\"Fun Palaces Cymru\",\"description\":\"Cymuned wrth galon Diwylliant\",\"publisher\":{\"@id\":\"https:\/\/funpalaces.co.uk\/cy\/#organization\"},\"potentialAction\":[{\"@type\":\"SearchAction\",\"target\":{\"@type\":\"EntryPoint\",\"urlTemplate\":\"https:\/\/funpalaces.co.uk\/cy\/?s={search_term_string}\"},\"query-input\":\"required name=search_term_string\"}],\"inLanguage\":\"cy-GB\"},{\"@type\":\"WebPage\",\"@id\":\"https:\/\/funpalaces.co.uk\/cy\/cyfreithiol\/polisi-preifatrwydd\/#webpage\",\"url\":\"https:\/\/funpalaces.co.uk\/cy\/cyfreithiol\/polisi-preifatrwydd\/\",\"name\":\"Polisi Preifatrwydd - Fun Palaces Cymru\",\"isPartOf\":{\"@id\":\"https:\/\/funpalaces.co.uk\/cy\/#website\"},\"datePublished\":\"2020-02-19T09:28:12+00:00\",\"dateModified\":\"2020-03-16T13:14:38+00:00\",\"breadcrumb\":{\"@id\":\"https:\/\/funpalaces.co.uk\/cy\/cyfreithiol\/polisi-preifatrwydd\/#breadcrumb\"},\"inLanguage\":\"cy-GB\",\"potentialAction\":[{\"@type\":\"ReadAction\",\"target\":[\"https:\/\/funpalaces.co.uk\/cy\/cyfreithiol\/polisi-preifatrwydd\/\"]}]},{\"@type\":\"BreadcrumbList\",\"@id\":\"https:\/\/funpalaces.co.uk\/cy\/cyfreithiol\/polisi-preifatrwydd\/#breadcrumb\",\"itemListElement\":[{\"@type\":\"ListItem\",\"position\":1,\"name\":\"Home\",\"item\":\"https:\/\/funpalaces.co.uk\/cy\/\"},{\"@type\":\"ListItem\",\"position\":2,\"name\":\"Cyfreithiol\",\"item\":\"https:\/\/funpalaces.co.uk\/cy\/cyfreithiol\/\"},{\"@type\":\"ListItem\",\"position\":3,\"name\":\"Polisi Preifatrwydd\"}]}]}<\/script>\n<!-- \/ Yoast SEO plugin. -->","yoast_head_json":{"title":"Polisi Preifatrwydd - Fun Palaces Cymru","robots":{"index":"index","follow":"follow","max-snippet":"max-snippet:-1","max-image-preview":"max-image-preview:large","max-video-preview":"max-video-preview:-1"},"canonical":"https:\/\/funpalaces.co.uk\/cy\/cyfreithiol\/polisi-preifatrwydd\/","og_locale":"cy_GB","og_type":"article","og_title":"Polisi Preifatrwydd - Fun Palaces Cymru","og_description":"Yn yr Ymgyrch Palasau Hwyl rydym yn ymroddedig i ddiogelu eich preifatrwydd. Pan fyddwch yn rhyngweithio \u00e2 ni dros y ff\u00f4n, trwy&#8217;r post, yn bersonol neu ar-lein, rydym weithiau&#8217;n derbyn gwybodaeth bersonol amdanoch chi. Mae&#8217;r&hellip;","og_url":"https:\/\/funpalaces.co.uk\/cy\/cyfreithiol\/polisi-preifatrwydd\/","og_site_name":"Fun Palaces Cymru","article_publisher":"https:\/\/www.facebook.com\/FunPalaces\/","article_modified_time":"2020-03-16T13:14:38+00:00","twitter_card":"summary_large_image","twitter_site":"@funpalaces","twitter_misc":{"Est. reading time":"7 minutes"},"schema":{"@context":"https:\/\/schema.org","@graph":[{"@type":"Organization","@id":"https:\/\/funpalaces.co.uk\/cy\/#organization","name":"Palasau Hwyl","url":"https:\/\/funpalaces.co.uk\/cy\/","sameAs":["https:\/\/www.facebook.com\/FunPalaces\/","https:\/\/www.instagram.com\/funpalaces\/","https:\/\/twitter.com\/funpalaces"],"logo":{"@type":"ImageObject","@id":"https:\/\/funpalaces.co.uk\/cy\/#logo","inLanguage":"cy-GB","url":"","contentUrl":"","caption":"Palasau Hwyl"},"image":{"@id":"https:\/\/funpalaces.co.uk\/cy\/#logo"}},{"@type":"WebSite","@id":"https:\/\/funpalaces.co.uk\/cy\/#website","url":"https:\/\/funpalaces.co.uk\/cy\/","name":"Fun Palaces Cymru","description":"Cymuned wrth galon Diwylliant","publisher":{"@id":"https:\/\/funpalaces.co.uk\/cy\/#organization"},"potentialAction":[{"@type":"SearchAction","target":{"@type":"EntryPoint","urlTemplate":"https:\/\/funpalaces.co.uk\/cy\/?s={search_term_string}"},"query-input":"required name=search_term_string"}],"inLanguage":"cy-GB"},{"@type":"WebPage","@id":"https:\/\/funpalaces.co.uk\/cy\/cyfreithiol\/polisi-preifatrwydd\/#webpage","url":"https:\/\/funpalaces.co.uk\/cy\/cyfreithiol\/polisi-preifatrwydd\/","name":"Polisi Preifatrwydd - Fun Palaces Cymru","isPartOf":{"@id":"https:\/\/funpalaces.co.uk\/cy\/#website"},"datePublished":"2020-02-19T09:28:12+00:00","dateModified":"2020-03-16T13:14:38+00:00","breadcrumb":{"@id":"https:\/\/funpalaces.co.uk\/cy\/cyfreithiol\/polisi-preifatrwydd\/#breadcrumb"},"inLanguage":"cy-GB","potentialAction":[{"@type":"ReadAction","target":["https:\/\/funpalaces.co.uk\/cy\/cyfreithiol\/polisi-preifatrwydd\/"]}]},{"@type":"BreadcrumbList","@id":"https:\/\/funpalaces.co.uk\/cy\/cyfreithiol\/polisi-preifatrwydd\/#breadcrumb","itemListElement":[{"@type":"ListItem","position":1,"name":"Home","item":"https:\/\/funpalaces.co.uk\/cy\/"},{"@type":"ListItem","position":2,"name":"Cyfreithiol","item":"https:\/\/funpalaces.co.uk\/cy\/cyfreithiol\/"},{"@type":"ListItem","position":3,"name":"Polisi Preifatrwydd"}]}]}},"_links":{"self":[{"href":"https:\/\/funpalaces.co.uk\/cy\/wp-json\/wp\/v2\/pages\/134","targetHints":{"allow":["GET"]}}],"collection":[{"href":"https:\/\/funpalaces.co.uk\/cy\/wp-json\/wp\/v2\/pages"}],"about":[{"href":"https:\/\/funpalaces.co.uk\/cy\/wp-json\/wp\/v2\/types\/page"}],"author":[{"embeddable":true,"href":"https:\/\/funpalaces.co.uk\/cy\/wp-json\/wp\/v2\/users\/130"}],"replies":[{"embeddable":true,"href":"https:\/\/funpalaces.co.uk\/cy\/wp-json\/wp\/v2\/comments?post=134"}],"version-history":[{"count":0,"href":"https:\/\/funpalaces.co.uk\/cy\/wp-json\/wp\/v2\/pages\/134\/revisions"}],"up":[{"embeddable":true,"href":"https:\/\/funpalaces.co.uk\/cy\/wp-json\/wp\/v2\/pages\/130"}],"wp:attachment":[{"href":"https:\/\/funpalaces.co.uk\/cy\/wp-json\/wp\/v2\/media?parent=134"}],"curies":[{"name":"wp","href":"https:\/\/api.w.org\/{rel}","templated":true}]}}