{"id":124,"date":"2020-02-19T09:21:31","date_gmt":"2020-02-19T09:21:31","guid":{"rendered":"https:\/\/funpalaces.co.uk\/cy\/?page_id=124"},"modified":"2020-03-28T12:05:17","modified_gmt":"2020-03-28T12:05:17","slug":"gweithdai-palasau-hwyl","status":"publish","type":"page","link":"https:\/\/funpalaces.co.uk\/cy\/am-palasau-hwyl\/gweithdai-palasau-hwyl\/","title":{"rendered":"Gweithdai Palasau Hwyl"},"content":{"rendered":"\t\t\t\t\t<section class=\"wp-block-mkdo-core-homepage-hero alignfull homepage-hero\">\n\t\t\t\t\t\t<div class=\"homepage-hero__image\" style=\"background-image:url( http:\/\/funpalaces.co.uk\/cy\/wp-content\/uploads\/sites\/2\/2020\/03\/\u00a9HM-EEA-FP-2-scaled-1.jpg);\"><\/div>\n\t\t\t\t\t\t<div class=\"homepage-hero__overlay\"><\/div>\n\n\t\t\t\t\t\t<div class=\"homepage-hero__wrap\">\n\t\t\t\t\t\t\t<div class=\"homepage-hero__content\">\n\t\t\t\t\t\t\t\t\t\t\t\t\t\t\t\t\t<h2 class=\"homepage-hero__heading\">\n\t\t\t\t\t\t\t\t\tGweithdai Palasau Hwyl\t\t\t\t\t\t\t\t\t<\/h2>\n\t\t\t\t\t\t\t\t\t\t\t\t\t\t\t\t\t<div class=\"homepage-hero__summary\">\n\t\t\t\t\t\t\t\t\t<p>Mae gweithdai Palasau Hwyl ar gyfer unrhyw un, unrhyw le sydd \u00e2 diddordeb mewn creu Palas Hwyl lleol<\/p>\n\t\t\t\t\t\t\t\t<\/div>\n\t\t\t\t\t\t\t\t<div class=\"homepage-hero__buttons\">\n\t\t\t\t\t\t\t\t\t\t\t\t\t\t\t\t\t<\/div>\n\t\t\t\t\t\t\t<\/div>\n\t\t\t\t\t\t<\/div>\n\t\t\t\t\t<\/section>\n\t\t\t\t\t\n\n\n<p class=\"has-lead-font-size\">Mae gweithdai Palasau Hwyl yn cefnogi sefydliadau (e.e. Llyfrgelloedd ardal, Cymdeithasau Tai), lleoliadau (orielau, theatrau, canolfannau gwyddoniaeth, amgueddfeydd etc), grwpiau cymunedol ac unigolion i ddod ynghyd i ddechrau sgwrsio, cynllunio a datblygu cysylltiadau defnyddiol, rhannu sgiliau a rhwydweithiau lleol. <\/p>\n\n\n\n<p>Er bod llawer o bobl sy&#8217;n mynychu ein gweithdai&#8217;n symud ymlaen i greu Palas Hwyl lleol, mae llawer wedi dweud wrthym bod gweithdai&#8217;n werthfawr o safbwynt datblygu staff, creu cysylltiadau rhwng grwpiau amrywiol mewn ardal leol ac &#8211; rhywbeth sy&#8217;n bwysig iawn i ni &#8211; cefnogi pobl nad ydynt yn teimlo bod ganddynt lawer i&#8217;w gyfrannu neu sydd yn aml yn cael eu gadael allan, i gamu i fyny a chymryd rhan. <\/p>\n\n\n\n<p><strong>Dyma&#8217;r hyn y mae pobl yn dweud:&nbsp;<\/strong><\/p>\n\n\n\n<blockquote class=\"wp-block-quote is-layout-flow wp-block-quote-is-layout-flow\"><p>&#8220;Y peth mwyaf defnyddiol oedd gwrando ar syniadau a meddyliau pobl a meddwl am yr hyn y gallaf i \/ gallwn ni ei wneud. Ni allaf feddwl am unrhyw beth a allai fod wedi cael ei wneud yn well.&#8221;&nbsp;<br \/><\/p><\/blockquote>\n\n\n\n<blockquote class=\"wp-block-quote is-layout-flow wp-block-quote-is-layout-flow\"><p>&#8220;Dw i wedi creu digwyddiadau celf gyda chymunedau ond bu&#8217;n wirioneddol ysbrydoliaethus i ddeall sut i ymgorffori gwyddoniaeth (ddim fy nghefndir i) yn y cymysgedd.&#8221;<br \/><\/p><\/blockquote>\n\n\n\n<blockquote class=\"wp-block-quote is-layout-flow wp-block-quote-is-layout-flow\"><p>&nbsp;&#8220;Roedd yn help i ni weld y gallem wneud rhywbeth ar raddfa fach yn hytrach na phoeni am gynnal digwyddiad mawr.&#8221;<br \/><\/p><\/blockquote>\n\n\n\n<blockquote class=\"wp-block-quote is-layout-flow wp-block-quote-is-layout-flow\"><p>&#8220;Bu&#8217;n gyfle gwych i glywed yr effaith y mae Palasau Hwyl wedi&#8217;i chael, ac ar yr un pryd medru cwrdd \u00e2 phobl eraill o&#8217;r ardal y gallem gydweithio \u00e2 nhw yn y dyfodol.&#8221;<br \/><\/p><\/blockquote>\n\n\n\n<figure class=\"wp-block-gallery alignwide columns-4 is-cropped wp-block-gallery-1 is-layout-flex wp-block-gallery-is-layout-flex\"><ul class=\"blocks-gallery-grid\"><li class=\"blocks-gallery-item\"><figure><img decoding=\"async\" src=\"https:\/\/funpalaces.co.uk\/wp-content\/uploads\/2018\/02\/thumb_IMG_9752_1024.jpg\" alt=\"\" data-id=\"17399\" class=\"wp-image-17399\"\/><\/figure><\/li><li class=\"blocks-gallery-item\"><figure><img decoding=\"async\" src=\"https:\/\/funpalaces.co.uk\/wp-content\/uploads\/2018\/02\/thumb_IMG_9741_1024.jpg\" alt=\"\" data-id=\"17398\" class=\"wp-image-17398\"\/><\/figure><\/li><li class=\"blocks-gallery-item\"><figure><img decoding=\"async\" src=\"https:\/\/funpalaces.co.uk\/wp-content\/uploads\/2018\/02\/Lambeth-libraries-4-300x225.jpg\" alt=\"\" data-id=\"17400\" class=\"wp-image-17400\"\/><\/figure><\/li><li class=\"blocks-gallery-item\"><figure><img decoding=\"async\" src=\"https:\/\/funpalaces.co.uk\/wp-content\/uploads\/2018\/02\/thumb_IMG_9746_1024.jpg\" alt=\"\" data-id=\"17401\" class=\"wp-image-17401\"\/><\/figure><\/li><\/ul><\/figure>\n\n\n\n<h2 class=\"wp-block-heading\">Beth sy&#8217;n Digwydd?<\/h2>\n\n\n\n<p>Gydag adeilad neu sefydliad gallwn ymchwilio i pam a sut y gallwch daflu drysau&#8217;ch gofodau&#8217;n agored, a chroesawu eich cymuned leol i gymryd rhan yn eich cynlluniau presennol a&#8217;ch breuddwydion ar gyfer y dyfodol &#8211; a&#8217;u rhai nhw hefyd.&nbsp;<br \/><\/p>\n\n\n\n<p>Gydag unigolyn neu gr\u0175p gallwn helpu chi i greu cysylltiadau&#8217;n lleol, cymryd rhan mewn grwpiau cymunedol a chael cefnogaeth i chi gan ein Crewyr profiadol.&nbsp;<br \/><\/p>\n\n\n\n<p>Yn ymarferol, rydym yn dechrau trwy esbonio hanfodion y Palasau Hwyl, ac yna yn rhedeg sesiwn ymarferol er mwyn i bobl gysylltu \u00e2&#8217;i gilydd, cael syniad o nodweddion ymarferol creu Palas Hwyl a sut y gall weithio drostyn nhw. Rydym yn dod \u00e2&#8217;r gweithdy i ben gyda sesiwn holi ac ateb fel bod pawb yn teimlo&#8217;n gyfforddus gyda&#8217;r hyn y maent yn ymgymryd ag ef.&nbsp;<br \/><\/p>\n\n\n\n<p>Rydym yn ceisio dod \u00e2 phobl ynghyd na fyddent fel arall yn cwrdd ac i ddechrau rhoi pethau ar waith &#8211; gallai hyn fod yn creu Palas Hwyl neu gynnal digwyddiad arall sy&#8217;n bwysig i&#8217;ch cymuned.<br \/><\/p>\n\n\n\n<p>Mae ein gweithdai&#8217;n ddefnyddiol hefyd ar gyfer hyfforddiant a datblygiad proffesiynol; rydym yn annog cyfranogiad mor eang \u00e2 phosib o fewn sefydliad, e.e. lefelau gwahanol &#8211; rheolwyr a chynorthwywyr, staff \u00e2 th\u00e2l a gwirfoddolwyr &#8211; gorau bo&#8217;r amrywiaeth, gorau bo&#8217;r ymrwymiad a\u2019r gefnogaeth, gorau bo&#8217;r Palas Hwyl A&#8217;R gweithle.&nbsp;<br \/><\/p>\n\n\n\n<p>Mae gweithdai Palasau Hwyl yn cymryd tua 3 awr ac yn gweithio&#8217;n dda gyda 20-40 o gyfranogwyr &#8211; gallwn weithio gyda mwy os bydd angen.&nbsp;<br \/><\/p>\n\n\n\n<p>Rydym wedi rhedeg gweithdai ym mhob cwr o&#8217;r Deyrnas Unedig, yn Norwy, ac yn Aotearoa\/Seland Newydd. Rydym yn falch o ddod i ble bynnag yr ydych chi!&nbsp;<br \/><\/p>\n\n\n\n<p><strong>Rydym eisiau i&#8217;n gweithdai fod ar gael i bawb ac yn rhedeg nhw ar sail talu&#8217;r-hyn-y-gallwch. <br \/><\/strong><\/p>\n\n\n\n\n\n\n\n<p><strong><a href=\"https:\/\/funpalaces.co.uk\/cy\/cysylltu-a-ni\/\">Cysylltwch \u00e2 ni<\/a>.<\/strong><\/p>\n","protected":false},"excerpt":{"rendered":"<p>Mae gweithdai Palasau Hwyl yn cefnogi sefydliadau (e.e. Llyfrgelloedd ardal, Cymdeithasau Tai), lleoliadau (orielau, theatrau, canolfannau gwyddoniaeth, amgueddfeydd etc), grwpiau cymunedol ac unigolion i ddod ynghyd i ddechrau sgwrsio, cynllunio a datblygu cysylltiadau defnyddiol, rhannu&hellip;<\/p>\n","protected":false},"author":130,"featured_media":0,"parent":119,"menu_order":4,"comment_status":"closed","ping_status":"closed","template":"","meta":{"_mkdo_core_block_meta_as_title":"on","footnotes":"","mkdo_translation_country_code":"","mkdo_translation_language_code":"","mkdo_translation_id_language_cy":"","mkdo_translation_id_language_en":"1_22299"},"class_list":["post-124","page","type-page","status-publish","hentry"],"yoast_head":"<!-- This site is optimized with the Yoast SEO plugin v18.2 - https:\/\/yoast.com\/wordpress\/plugins\/seo\/ -->\n<title>Gweithdai Palasau Hwyl - Fun Palaces Cymru<\/title>\n<meta name=\"robots\" content=\"index, follow, max-snippet:-1, max-image-preview:large, max-video-preview:-1\" \/>\n<link rel=\"canonical\" href=\"https:\/\/funpalaces.co.uk\/cy\/am-palasau-hwyl\/gweithdai-palasau-hwyl\/\" \/>\n<meta property=\"og:locale\" content=\"cy_GB\" \/>\n<meta property=\"og:type\" content=\"article\" \/>\n<meta property=\"og:title\" content=\"Gweithdai Palasau Hwyl - Fun Palaces Cymru\" \/>\n<meta property=\"og:description\" content=\"Mae gweithdai Palasau Hwyl yn cefnogi sefydliadau (e.e. Llyfrgelloedd ardal, Cymdeithasau Tai), lleoliadau (orielau, theatrau, canolfannau gwyddoniaeth, amgueddfeydd etc), grwpiau cymunedol ac unigolion i ddod ynghyd i ddechrau sgwrsio, cynllunio a datblygu cysylltiadau defnyddiol, rhannu&hellip;\" \/>\n<meta property=\"og:url\" content=\"https:\/\/funpalaces.co.uk\/cy\/am-palasau-hwyl\/gweithdai-palasau-hwyl\/\" \/>\n<meta property=\"og:site_name\" content=\"Fun Palaces Cymru\" \/>\n<meta property=\"article:publisher\" content=\"https:\/\/www.facebook.com\/FunPalaces\/\" \/>\n<meta property=\"article:modified_time\" content=\"2020-03-28T12:05:17+00:00\" \/>\n<meta property=\"og:image\" content=\"https:\/\/funpalaces.co.uk\/wp-content\/uploads\/2018\/02\/thumb_IMG_9752_1024.jpg\" \/>\n<meta name=\"twitter:card\" content=\"summary_large_image\" \/>\n<meta name=\"twitter:site\" content=\"@funpalaces\" \/>\n<meta name=\"twitter:label1\" content=\"Est. reading time\" \/>\n\t<meta name=\"twitter:data1\" content=\"3 minutes\" \/>\n<script type=\"application\/ld+json\" class=\"yoast-schema-graph\">{\"@context\":\"https:\/\/schema.org\",\"@graph\":[{\"@type\":\"Organization\",\"@id\":\"https:\/\/funpalaces.co.uk\/cy\/#organization\",\"name\":\"Palasau Hwyl\",\"url\":\"https:\/\/funpalaces.co.uk\/cy\/\",\"sameAs\":[\"https:\/\/www.facebook.com\/FunPalaces\/\",\"https:\/\/www.instagram.com\/funpalaces\/\",\"https:\/\/twitter.com\/funpalaces\"],\"logo\":{\"@type\":\"ImageObject\",\"@id\":\"https:\/\/funpalaces.co.uk\/cy\/#logo\",\"inLanguage\":\"cy-GB\",\"url\":\"\",\"contentUrl\":\"\",\"caption\":\"Palasau Hwyl\"},\"image\":{\"@id\":\"https:\/\/funpalaces.co.uk\/cy\/#logo\"}},{\"@type\":\"WebSite\",\"@id\":\"https:\/\/funpalaces.co.uk\/cy\/#website\",\"url\":\"https:\/\/funpalaces.co.uk\/cy\/\",\"name\":\"Fun Palaces Cymru\",\"description\":\"Cymuned wrth galon Diwylliant\",\"publisher\":{\"@id\":\"https:\/\/funpalaces.co.uk\/cy\/#organization\"},\"potentialAction\":[{\"@type\":\"SearchAction\",\"target\":{\"@type\":\"EntryPoint\",\"urlTemplate\":\"https:\/\/funpalaces.co.uk\/cy\/?s={search_term_string}\"},\"query-input\":\"required name=search_term_string\"}],\"inLanguage\":\"cy-GB\"},{\"@type\":\"ImageObject\",\"@id\":\"https:\/\/funpalaces.co.uk\/cy\/am-palasau-hwyl\/gweithdai-palasau-hwyl\/#primaryimage\",\"inLanguage\":\"cy-GB\",\"url\":\"https:\/\/funpalaces.co.uk\/wp-content\/uploads\/2018\/02\/thumb_IMG_9752_1024.jpg\",\"contentUrl\":\"https:\/\/funpalaces.co.uk\/wp-content\/uploads\/2018\/02\/thumb_IMG_9752_1024.jpg\"},{\"@type\":\"WebPage\",\"@id\":\"https:\/\/funpalaces.co.uk\/cy\/am-palasau-hwyl\/gweithdai-palasau-hwyl\/#webpage\",\"url\":\"https:\/\/funpalaces.co.uk\/cy\/am-palasau-hwyl\/gweithdai-palasau-hwyl\/\",\"name\":\"Gweithdai Palasau Hwyl - Fun Palaces Cymru\",\"isPartOf\":{\"@id\":\"https:\/\/funpalaces.co.uk\/cy\/#website\"},\"primaryImageOfPage\":{\"@id\":\"https:\/\/funpalaces.co.uk\/cy\/am-palasau-hwyl\/gweithdai-palasau-hwyl\/#primaryimage\"},\"datePublished\":\"2020-02-19T09:21:31+00:00\",\"dateModified\":\"2020-03-28T12:05:17+00:00\",\"breadcrumb\":{\"@id\":\"https:\/\/funpalaces.co.uk\/cy\/am-palasau-hwyl\/gweithdai-palasau-hwyl\/#breadcrumb\"},\"inLanguage\":\"cy-GB\",\"potentialAction\":[{\"@type\":\"ReadAction\",\"target\":[\"https:\/\/funpalaces.co.uk\/cy\/am-palasau-hwyl\/gweithdai-palasau-hwyl\/\"]}]},{\"@type\":\"BreadcrumbList\",\"@id\":\"https:\/\/funpalaces.co.uk\/cy\/am-palasau-hwyl\/gweithdai-palasau-hwyl\/#breadcrumb\",\"itemListElement\":[{\"@type\":\"ListItem\",\"position\":1,\"name\":\"Home\",\"item\":\"https:\/\/funpalaces.co.uk\/cy\/\"},{\"@type\":\"ListItem\",\"position\":2,\"name\":\"Am y Palasau Hwyl\",\"item\":\"https:\/\/funpalaces.co.uk\/cy\/am-palasau-hwyl\/\"},{\"@type\":\"ListItem\",\"position\":3,\"name\":\"Gweithdai Palasau Hwyl\"}]}]}<\/script>\n<!-- \/ Yoast SEO plugin. -->","yoast_head_json":{"title":"Gweithdai Palasau Hwyl - Fun Palaces Cymru","robots":{"index":"index","follow":"follow","max-snippet":"max-snippet:-1","max-image-preview":"max-image-preview:large","max-video-preview":"max-video-preview:-1"},"canonical":"https:\/\/funpalaces.co.uk\/cy\/am-palasau-hwyl\/gweithdai-palasau-hwyl\/","og_locale":"cy_GB","og_type":"article","og_title":"Gweithdai Palasau Hwyl - Fun Palaces Cymru","og_description":"Mae gweithdai Palasau Hwyl yn cefnogi sefydliadau (e.e. Llyfrgelloedd ardal, Cymdeithasau Tai), lleoliadau (orielau, theatrau, canolfannau gwyddoniaeth, amgueddfeydd etc), grwpiau cymunedol ac unigolion i ddod ynghyd i ddechrau sgwrsio, cynllunio a datblygu cysylltiadau defnyddiol, rhannu&hellip;","og_url":"https:\/\/funpalaces.co.uk\/cy\/am-palasau-hwyl\/gweithdai-palasau-hwyl\/","og_site_name":"Fun Palaces Cymru","article_publisher":"https:\/\/www.facebook.com\/FunPalaces\/","article_modified_time":"2020-03-28T12:05:17+00:00","og_image":[{"url":"https:\/\/funpalaces.co.uk\/wp-content\/uploads\/2018\/02\/thumb_IMG_9752_1024.jpg"}],"twitter_card":"summary_large_image","twitter_site":"@funpalaces","twitter_misc":{"Est. reading time":"3 minutes"},"schema":{"@context":"https:\/\/schema.org","@graph":[{"@type":"Organization","@id":"https:\/\/funpalaces.co.uk\/cy\/#organization","name":"Palasau Hwyl","url":"https:\/\/funpalaces.co.uk\/cy\/","sameAs":["https:\/\/www.facebook.com\/FunPalaces\/","https:\/\/www.instagram.com\/funpalaces\/","https:\/\/twitter.com\/funpalaces"],"logo":{"@type":"ImageObject","@id":"https:\/\/funpalaces.co.uk\/cy\/#logo","inLanguage":"cy-GB","url":"","contentUrl":"","caption":"Palasau Hwyl"},"image":{"@id":"https:\/\/funpalaces.co.uk\/cy\/#logo"}},{"@type":"WebSite","@id":"https:\/\/funpalaces.co.uk\/cy\/#website","url":"https:\/\/funpalaces.co.uk\/cy\/","name":"Fun Palaces Cymru","description":"Cymuned wrth galon Diwylliant","publisher":{"@id":"https:\/\/funpalaces.co.uk\/cy\/#organization"},"potentialAction":[{"@type":"SearchAction","target":{"@type":"EntryPoint","urlTemplate":"https:\/\/funpalaces.co.uk\/cy\/?s={search_term_string}"},"query-input":"required name=search_term_string"}],"inLanguage":"cy-GB"},{"@type":"ImageObject","@id":"https:\/\/funpalaces.co.uk\/cy\/am-palasau-hwyl\/gweithdai-palasau-hwyl\/#primaryimage","inLanguage":"cy-GB","url":"https:\/\/funpalaces.co.uk\/wp-content\/uploads\/2018\/02\/thumb_IMG_9752_1024.jpg","contentUrl":"https:\/\/funpalaces.co.uk\/wp-content\/uploads\/2018\/02\/thumb_IMG_9752_1024.jpg"},{"@type":"WebPage","@id":"https:\/\/funpalaces.co.uk\/cy\/am-palasau-hwyl\/gweithdai-palasau-hwyl\/#webpage","url":"https:\/\/funpalaces.co.uk\/cy\/am-palasau-hwyl\/gweithdai-palasau-hwyl\/","name":"Gweithdai Palasau Hwyl - Fun Palaces Cymru","isPartOf":{"@id":"https:\/\/funpalaces.co.uk\/cy\/#website"},"primaryImageOfPage":{"@id":"https:\/\/funpalaces.co.uk\/cy\/am-palasau-hwyl\/gweithdai-palasau-hwyl\/#primaryimage"},"datePublished":"2020-02-19T09:21:31+00:00","dateModified":"2020-03-28T12:05:17+00:00","breadcrumb":{"@id":"https:\/\/funpalaces.co.uk\/cy\/am-palasau-hwyl\/gweithdai-palasau-hwyl\/#breadcrumb"},"inLanguage":"cy-GB","potentialAction":[{"@type":"ReadAction","target":["https:\/\/funpalaces.co.uk\/cy\/am-palasau-hwyl\/gweithdai-palasau-hwyl\/"]}]},{"@type":"BreadcrumbList","@id":"https:\/\/funpalaces.co.uk\/cy\/am-palasau-hwyl\/gweithdai-palasau-hwyl\/#breadcrumb","itemListElement":[{"@type":"ListItem","position":1,"name":"Home","item":"https:\/\/funpalaces.co.uk\/cy\/"},{"@type":"ListItem","position":2,"name":"Am y Palasau Hwyl","item":"https:\/\/funpalaces.co.uk\/cy\/am-palasau-hwyl\/"},{"@type":"ListItem","position":3,"name":"Gweithdai Palasau Hwyl"}]}]}},"_links":{"self":[{"href":"https:\/\/funpalaces.co.uk\/cy\/wp-json\/wp\/v2\/pages\/124","targetHints":{"allow":["GET"]}}],"collection":[{"href":"https:\/\/funpalaces.co.uk\/cy\/wp-json\/wp\/v2\/pages"}],"about":[{"href":"https:\/\/funpalaces.co.uk\/cy\/wp-json\/wp\/v2\/types\/page"}],"author":[{"embeddable":true,"href":"https:\/\/funpalaces.co.uk\/cy\/wp-json\/wp\/v2\/users\/130"}],"replies":[{"embeddable":true,"href":"https:\/\/funpalaces.co.uk\/cy\/wp-json\/wp\/v2\/comments?post=124"}],"version-history":[{"count":0,"href":"https:\/\/funpalaces.co.uk\/cy\/wp-json\/wp\/v2\/pages\/124\/revisions"}],"up":[{"embeddable":true,"href":"https:\/\/funpalaces.co.uk\/cy\/wp-json\/wp\/v2\/pages\/119"}],"wp:attachment":[{"href":"https:\/\/funpalaces.co.uk\/cy\/wp-json\/wp\/v2\/media?parent=124"}],"curies":[{"name":"wp","href":"https:\/\/api.w.org\/{rel}","templated":true}]}}