{"id":121,"date":"2020-02-19T09:19:44","date_gmt":"2020-02-19T09:19:44","guid":{"rendered":"https:\/\/funpalaces.co.uk\/cy\/?page_id=121"},"modified":"2025-09-18T12:02:28","modified_gmt":"2025-09-18T11:02:28","slug":"beth-yw-palas-hwyl","status":"publish","type":"page","link":"https:\/\/funpalaces.co.uk\/cy\/am-palasau-hwyl\/beth-yw-palas-hwyl\/","title":{"rendered":"Beth yw Palas Hwyl?"},"content":{"rendered":"\t\t\t\t\t<section class=\"wp-block-mkdo-core-homepage-hero alignfull homepage-hero\">\n\t\t\t\t\t\t<div class=\"homepage-hero__image\" style=\"background-image:url( http:\/\/funpalaces.co.uk\/cy\/wp-content\/uploads\/sites\/2\/2020\/03\/Fun-Palaces-2019-_Roswitha-Chesher_210_Diverse_Outdoor_Red_Blue.jpg);\"><\/div>\n\t\t\t\t\t\t<div class=\"homepage-hero__overlay\"><\/div>\n\n\t\t\t\t\t\t<div class=\"homepage-hero__wrap\">\n\t\t\t\t\t\t\t<div class=\"homepage-hero__content\">\n\t\t\t\t\t\t\t\t\t\t\t\t\t\t\t\t\t<h2 class=\"homepage-hero__heading\">\n\t\t\t\t\t\t\t\t\tBeth yw Palas Hwyl?\t\t\t\t\t\t\t\t\t<\/h2>\n\t\t\t\t\t\t\t\t\t\t\t\t\t\t\t\t\t<div class=\"homepage-hero__summary\">\n\t\t\t\t\t\t\t\t\t<p>Mae Palasau Hwyl yn ymgyrch barhaus dros gymuned wrth wraidd diwylliant a diwylliant wrth wraidd pob cymuned &#8211; wedi\u2019i arwain gan a thros y gymuned honno, a gyda Phenwythnos o Ddathlu bob blwyddyn &#8211; digwyddiadau a gweithgareddau celfyddydau, gwyddoniaeth, crefftau, technoleg, digidol, treftadaeth a chwaraeon &#8211; wedi\u2019u rhedeg gan a thros gymunedau lleol.<\/p>\n\t\t\t\t\t\t\t\t<\/div>\n\t\t\t\t\t\t\t\t<div class=\"homepage-hero__buttons\">\n\t\t\t\t\t\t\t\t\t\t\t\t\t\t\t\t\t<\/div>\n\t\t\t\t\t\t\t<\/div>\n\t\t\t\t\t\t<\/div>\n\t\t\t\t\t<\/section>\n\t\t\t\t\t\n\n\n<p>Cynhelir y penwythnos Palasau Hwyl ar benwythnos cyntaf mis Hydref bob blwyddyn. Caiff y penwythnos Palasau Hwyl nesaf ei gynnal rhwng 30 Medi a 2 Hydref 2022.<\/p>\n\n\n\n<h2 class=\"wp-block-heading\">Dyma beth yw Palas Hwyl<\/h2>\n\n\n\n<p><strong>Am Ddim:<\/strong> Gallwch ddod am ddim, gallwch gymryd rhan am ddim<\/p>\n\n\n\n\n\n\n\n<p><strong>Lleol: <\/strong>Cynhelir Palas Hwyl gan bobl leol dros bobl leol &#8211; efallai gr\u0175p o gymdogion, cymdeithas drigolion neu gyfeillion yn dod at ei gilydd. Os ydych yn lleoliad, adeilad neu sefydliad, gallai &#8216;lleol&#8217; olygu eich staff, y glanhawyr, busnesau gerllaw. Mae&#8217;n golygu&#8217;r rhai sy&#8217;n byw yn agos ond byth yn ymweld hefyd, oherwydd iddynt dybio nad yw eich gofod ar eu cyfer nhw. Os ydych yn creu Palas Hwyl, byddem yn dweud i chi beidio \u00e2 &#8216;chyflwyno&#8217; digwyddiad i&#8217;r bobl hynny yn y gobaith y byddan nhw&#8217;n dod, yn hytrach, trosglwyddwch eich lle iddynt a gadewch iddyn nhw benderfynu beth sy&#8217;n digwydd. Yn ddigon buan byddan nhw&#8217;n teimlo mai nhw sy&#8217;n berchen arno. Yn achos Palas Hwyl TwoCan yng Nghaerloyw fe olygodd weithio gyda&#8217;r person digartref a gysgai ym mynedfa&#8217;r gofod i&#8217;r Palas Hwyl &#8211; cymerodd e ran ac fe aeth yn Balas Hwyl iddo fe hefyd. <\/p>\n\n\n\n<p><strong>Ar gyfer pob oedran: <\/strong>Yn aml mae&#8217;n haws meddwl am weithgareddau i blant. Beth am y person 17 oed nad yw&#8217;n ystyried ei fod yn blentyn neu&#8217;r person 75 oed nad yw byth yn cael chwarae? Allwn ni greu Palasau Hwyl i bawb? Rydym yn croesawu plant a phobl ifanc yn eu rhinwedd eu hunain; Rhedwyd Palas Hwyl 2016 Arc Stockton gan eu gr\u0175p pobl ifanc, roedd yr un peth yn wir gyda Phalas Hwyl Morden Hall Park yn eu heiddo Ymddiriedolaeth Genedlaethol yn 2017.<\/p>\n\n\n\n<p><strong>Cynhwysol: <\/strong>Cr\u00ebir y rhan fwyaf o Balasau Hwyl gydag ychydig iawn o gyllideb neu ddim o gwbl, a gall hyd yn oed yr ymdrech leiaf helpu.&nbsp; A allwch chi sicrhau bod eich arwyddion yn hawdd eu darllen? Ystyriwch fynediad ar gyfer defnyddwyr cadair olwyn? A oes grwpiau yn eich cymuned leol y gallwch eu gwahodd i gymryd rhan, a all rannu eu diddordebau diwylliannol eu hunain? Gall meddwl y tu hwnt i&#8217;ch cylch arferol wneud gwahaniaeth enfawr.&nbsp;<\/p>\n\n\n\n<section class=\"wp-block-mkdo-core-house-cta alignfull house-cta\" style=\"background:#e0692b;color:#f4f7f8\"><img decoding=\"async\" class=\"house-cta__image\" src=\"https:\/\/funpalaces.co.uk\/cy\/wp-content\/uploads\/sites\/2\/2025\/04\/Microcope.png\" alt=\"Illustration of a person with orange hair and Down's syndrome wearing a blue sweater, looking through a green microscope. Colourful shapes float above, representing imagination or discovery.\"\/><div class=\"house-cta__wrap\"><div class=\"house-cta__content\"><h2 class=\"house-cta__heading\">Ein Maniffesto, Nodau ac Amcanion<\/h2><div class=\"house-cta__summary\"><p>Rydym yn credu yn yr athrylith sydd gan bawb, ym mhawb mae arlunydd ac ym mhawb mae gwyddonydd, ac y gall creadigrwydd mewn cymuned newid y byd er gwell.<\/p><\/div><div class=\"house-cta__buttons\"><div class=\"house-cta__cta\"><a class=\"button--ghost-white button--londrina button--big\" href=\"https:\/\/funpalaces.co.uk\/cy\/am-palasau-hwyl\/ein-maniffesto-ein-nodau-ac-amcanion\/\" style=\"border:#f4f7f8;color:#f4f7f8\">beth rydyn yn frwd drosto<\/a><\/div><\/div><\/div><\/div><\/section>\n\n\n\n<p><strong>Gwneud pethau:<\/strong> Mae Palasau Hwyl yn ymwneud \u00e2 chymryd rhan mewn beth bynnag yw eich fersiwn chi o &#8216;ddiwylliant&#8217; (celf, gwyddoniaeth, crefftau, technoleg, digidol, treftadaeth, chwaraeon), beth bynnag sy&#8217;n dod \u00e2 phobl ynghyd. Cawsom yr adborth yma gan Balas Hwyl 2016 Llyfrgell South Elmsall: Dwi wedi cwrdd \u00e2 merch ifanc heddiw nad wyf erioed wedi siarad \u00e2 hi o&#8217;r blaen ac mae hi&#8217;n byw ar fy stryd, trwy sgwrsio \u00e2 hi dwi wedi cael gwybod mai ei Nain hi oedd fy ffrind gorau yn yr ysgol. Trwy wneud rhywbeth gyda&#8217;n gilydd roedd cyfle iddynt siarad.&nbsp;<br \/><\/p>\n\n\n\n<p><strong>Proses yn gymaint \u00e2 chynnyrch: <\/strong>Wrth gwrs mae digwyddiad y penwythnos yn bwysig, ond y Palas Hwyl go iawn yw&#8217;r hyn yr ydych chi a&#8217;ch cymuned yn ei wneud fel y bydd yn digwydd, y cyfarfodydd, y paneidiau, y trefnu, y sgyrsiau. Y meddwl a chreu&#8217;r cysylltiadau yw&#8217;r hyn sy&#8217;n bwysig. <\/p>\n\n\n\n<p><strong>Yn Eiddo i Chi: <\/strong>Dydyn ni ddim yn gwybod ble rydych chi&#8217;n byw, eich gweithle neu eich cymuned leol. Chi sy\u2019n gwybod. Rydych chi&#8217;n gwybod sut i greu EICH Palas Hwyl lleol chi. Os ydych chi eisiau cymorth <a href=\"https:\/\/funpalaces.co.uk\/cy\/cysylltu-a-ni\/\">cysylltwch \u00e2 ni<\/a>, mae&#8217;n bosib y byddwn yn nabod rhywun sydd wedi gwneud rhywbeth tebyg &#8211; gall fod yn ddefnyddiol siarad \u00e2 chyd-Gr\u00ebwr a gallwn ni greu&#8217;r cysylltiadau hynny.&nbsp;<br \/><\/p>\n\n\n\n<p><strong>Yn Rhan o Ymgyrch: <\/strong>Dylanwadir ar yr hyn yr ydych yn ei wneud yn lleol gan eich ardal ac mae eich Palas Hwyl yn rhan o fudiad byd-eang i gael mynediad a chynhwysiad gyda a thros bawb. <\/p>\n\n\n\n<section class=\"wp-block-mkdo-core-house-cta alignfull house-cta\" style=\"background:#328095\"><img decoding=\"async\" class=\"house-cta__image\" src=\"https:\/\/funpalaces.co.uk\/cy\/wp-content\/uploads\/sites\/2\/2025\/04\/Weights.png\" alt=\"\"\/><div class=\"house-cta__wrap\"><div class=\"house-cta__content\"><h2 class=\"house-cta__heading\">Cofrestrwch nawr <\/h2><div class=\"house-cta__summary\"><p>Cr\u00ebwch Balas Hwyl 30 Medi \/ 1 \/ 2 Hydref 2022 (neu ar unrhyw ddyddiad arall yn ystod y flwyddyn) <\/p><\/div><div class=\"house-cta__buttons\"><div class=\"house-cta__cta\"><a class=\"button--ghost-white button--londrina button--big\" href=\"https:\/\/funpalaces.co.uk\/cy\/create\/\">Cr\u00ebwch eich Palas Hwyl <\/a><\/div><\/div><\/div><\/div><\/section>\n\n\n\n<h2 class=\"wp-block-heading\"><strong>Dydy Palas Hwyl DDIM yn<\/strong><br \/><\/h2>\n\n\n\n<p><strong>Ffair neu Ddiwrnod Agored: <\/strong>Ni waeth p&#8217;un a ydych yn creu Palas Hwyl mewn adeilad, mewn gr\u0175p cymunedol neu fel unigolyn, rhan o&#8217;r r\u00f4l yw helpu pobl eraill i ddeall y gallan nhw greu Palas Hwyl hefyd, y gallan nhw deimlo bod ganddynt berchnogaeth ar eich llyfrgell, amgueddfa, ysgol, oriel, siop, sgw\u00e2r tref, maes p\u00eal-droed &#8230;<\/p>\n\n\n\n<p><strong>Prosiect celfyddydau cymunedol neu gyfathrebu am wyddoniaeth: <\/strong>y ddau beth yw e, ac nid y naill na&#8217;r llall mohono. Rydym yn annog pobl i rannu eu sgiliau, diddordebau, brwdfrydedd yn ogystal \u00e2&#8217;u galluoedd proffesiynol ym meysydd diwylliant, gwyddoniaeth neu chwaraeon. Trwy wneud hyn rydym yn cefnogi llawer mwy o bobl i gymryd rhan ac i greu gyda&#8217;n cymunedau lleol ein hunain.&nbsp;<br \/><\/p>\n\n\n\n<p><strong>(cyffredin) Paentio wynebau: <\/strong>Mae Palasau Hwyl yn ymwneud&nbsp; \u00e2 throi&#8217;r cyffredin ar ei ben &#8211; felly gadewch i&#8217;r plant baentio wynebau&#8217;r oedolion. Dangosodd Palas Hwyl 2015 Llyfrgell Brixton i bawb sut i baentio eu hesgyrn, cyhyrau a gwythiennau eu hunain ar eu croen &#8211; gan ddysgu am y corff a bod yn artistiaid ar yr un pryd. (Gweler modelau balwnau, baneri, teisennau bach &#8211; a allwch chi gymryd gweithgaredd cyffredin a chreu rhywbeth hollol newydd gan a thros EICH cymuned?)<\/p>\n\n\n\n<section class=\"wp-block-mkdo-core-house-cta alignfull house-cta\" style=\"background:#e0692b\"><img decoding=\"async\" class=\"house-cta__image\" src=\"https:\/\/funpalaces.co.uk\/cy\/wp-content\/uploads\/sites\/2\/2025\/04\/Reading.png\" alt=\"Illustration of a person with long black hair wearing a red sweater, sitting in a wheelchair and reading a book. A service dog rests its head on their lap. Colourful shapes float above, symbolising creativity or thought\"\/><div class=\"house-cta__wrap\"><div class=\"house-cta__content\"><h2 class=\"house-cta__heading\">Pam Dylem Greu Palas Hwyl?<\/h2><div class=\"house-cta__summary\"><p>Yn benodol ar gyfer lleoliadau, sefydliadau a grwpiau &#8211; ac mae&#8217;n ddefnyddiol i unigolion hefyd.<\/p><\/div><div class=\"house-cta__buttons\"><div class=\"house-cta__cta\"><a class=\"button--ghost-white button--londrina button--big\" href=\"https:\/\/funpalaces.co.uk\/cy\/am-palasau-hwyl\/pam-dylem-greu-palas-hwyl\/\">beth ydych chi&#8217;n frwd drosto?<\/a><\/div><\/div><\/div><\/div><\/section>\n\n\n\n<p><strong>Sioe, perfformiad neu ddarlith: <\/strong>Os oes gennych fand yn chwarae a phobl yn canu, mae hynny&#8217;n hyfryd. Os oes gennych fand yn chwarae, pobl yn canu a&#8217;r band yn rhannu offerynnau i ddysgu cordiau i bobl nad ydynt erioed wedi eu chwarae o&#8217;r blaen &#8211; DYNA beth yw Palas Hwyl! Mae hyn yn wir gyda unrhyw beth sy&#8217;n berfformiad, darlith, sgwrs, sioe neu g\u00eam &#8211; a all pawb gymryd rhan?<br \/><\/p>\n\n\n\n<p><strong>Datblygu cynulleidfa: <\/strong>Nid ydym yn pryderu am gynulleidfaoedd, rydym eisiau cyfranogiad. Ydy, mae ein hystadegau&#8217;n dangos bod Palasau Hwyl a arweinir gan leoliadau&#8217;n dod \u00e2 llwyth o bobl newydd trwy&#8217;r drws, ond nid yw cael niferoedd trwy&#8217;r drws yn bwysig i ni. Rydym eisiau helpu lleoliadau neu sefydliadau i fod yn wirioneddol ddewr, rhoi cynnig ar rywbeth nad oes gennych reolaeth drosto, rhywbeth sy&#8217;n eich gweld yn rhoi croeso go iawn i&#8217;r gymuned leol gael berchnogaeth ar eich gofod. Mae&#8217;n ddigon i godi&#8217;ch gwallt AC mae&#8217;n werth e!<\/p>\n\n\n\n<section class=\"wp-block-mkdo-core-house-cta alignfull house-cta\"><img decoding=\"async\" class=\"house-cta__image\" src=\"https:\/\/funpalaces.co.uk\/cy\/wp-content\/uploads\/sites\/2\/2025\/04\/Tool_box.png\" alt=\"Colourful illustration of a man wearing Hasidic jew attire rummaging in a toolbox. Bright geometric shapes surround him to convey a festive atmosphere.\"\/><div class=\"house-cta__wrap\"><div class=\"house-cta__content\"><h2 class=\"house-cta__heading\">Cysylltwch \u00e2&#8217;r Palasau Hwyl <\/h2><div class=\"house-cta__summary\"><p>Am fwy o wybodaeth, cysylltwch \u00e2&#8217;r t\u00eem Palasau Hwyl <\/p><\/div><div class=\"house-cta__buttons\"><div class=\"house-cta__cta\"><a class=\"button--ghost-white button--londrina button--big\" href=\"https:\/\/funpalaces.co.uk\/cy\/cysylltu-a-ni\/\">Cysylltwch \u00e2 ni <\/a><\/div><\/div><\/div><\/div><\/section>\n","protected":false},"excerpt":{"rendered":"<p>Cynhelir y penwythnos Palasau Hwyl ar benwythnos cyntaf mis Hydref bob blwyddyn. Caiff y penwythnos Palasau Hwyl nesaf ei gynnal rhwng 30 Medi a 2 Hydref 2022. Dyma beth yw Palas Hwyl Am Ddim: Gallwch&hellip;<\/p>\n","protected":false},"author":130,"featured_media":0,"parent":119,"menu_order":1,"comment_status":"closed","ping_status":"closed","template":"","meta":{"_mkdo_core_block_meta_as_title":"on","footnotes":"","mkdo_translation_country_code":"","mkdo_translation_language_code":"","mkdo_translation_id_language_cy":"","mkdo_translation_id_language_en":"1_22296"},"class_list":["post-121","page","type-page","status-publish","hentry"],"yoast_head":"<!-- This site is optimized with the Yoast SEO plugin v18.2 - https:\/\/yoast.com\/wordpress\/plugins\/seo\/ -->\n<title>Beth yw Palas Hwyl? - Fun Palaces Cymru<\/title>\n<meta name=\"robots\" content=\"index, follow, max-snippet:-1, max-image-preview:large, max-video-preview:-1\" \/>\n<link rel=\"canonical\" href=\"https:\/\/funpalaces.co.uk\/cy\/am-palasau-hwyl\/beth-yw-palas-hwyl\/\" \/>\n<meta property=\"og:locale\" content=\"cy_GB\" \/>\n<meta property=\"og:type\" content=\"article\" \/>\n<meta property=\"og:title\" content=\"Beth yw Palas Hwyl? - Fun Palaces Cymru\" \/>\n<meta property=\"og:description\" content=\"Cynhelir y penwythnos Palasau Hwyl ar benwythnos cyntaf mis Hydref bob blwyddyn. Caiff y penwythnos Palasau Hwyl nesaf ei gynnal rhwng 30 Medi a 2 Hydref 2022. Dyma beth yw Palas Hwyl Am Ddim: Gallwch&hellip;\" \/>\n<meta property=\"og:url\" content=\"https:\/\/funpalaces.co.uk\/cy\/am-palasau-hwyl\/beth-yw-palas-hwyl\/\" \/>\n<meta property=\"og:site_name\" content=\"Fun Palaces Cymru\" \/>\n<meta property=\"article:publisher\" content=\"https:\/\/www.facebook.com\/FunPalaces\/\" \/>\n<meta property=\"article:modified_time\" content=\"2025-09-18T11:02:28+00:00\" \/>\n<meta property=\"og:image\" content=\"https:\/\/funpalaces.co.uk\/cy\/wp-content\/uploads\/sites\/2\/2025\/04\/Microcope.png\" \/>\n<meta name=\"twitter:card\" content=\"summary_large_image\" \/>\n<meta name=\"twitter:site\" content=\"@funpalaces\" \/>\n<meta name=\"twitter:label1\" content=\"Est. reading time\" \/>\n\t<meta name=\"twitter:data1\" content=\"6 minutes\" \/>\n<script type=\"application\/ld+json\" class=\"yoast-schema-graph\">{\"@context\":\"https:\/\/schema.org\",\"@graph\":[{\"@type\":\"Organization\",\"@id\":\"https:\/\/funpalaces.co.uk\/cy\/#organization\",\"name\":\"Palasau Hwyl\",\"url\":\"https:\/\/funpalaces.co.uk\/cy\/\",\"sameAs\":[\"https:\/\/www.facebook.com\/FunPalaces\/\",\"https:\/\/www.instagram.com\/funpalaces\/\",\"https:\/\/twitter.com\/funpalaces\"],\"logo\":{\"@type\":\"ImageObject\",\"@id\":\"https:\/\/funpalaces.co.uk\/cy\/#logo\",\"inLanguage\":\"cy-GB\",\"url\":\"\",\"contentUrl\":\"\",\"caption\":\"Palasau Hwyl\"},\"image\":{\"@id\":\"https:\/\/funpalaces.co.uk\/cy\/#logo\"}},{\"@type\":\"WebSite\",\"@id\":\"https:\/\/funpalaces.co.uk\/cy\/#website\",\"url\":\"https:\/\/funpalaces.co.uk\/cy\/\",\"name\":\"Fun Palaces Cymru\",\"description\":\"Cymuned wrth galon Diwylliant\",\"publisher\":{\"@id\":\"https:\/\/funpalaces.co.uk\/cy\/#organization\"},\"potentialAction\":[{\"@type\":\"SearchAction\",\"target\":{\"@type\":\"EntryPoint\",\"urlTemplate\":\"https:\/\/funpalaces.co.uk\/cy\/?s={search_term_string}\"},\"query-input\":\"required name=search_term_string\"}],\"inLanguage\":\"cy-GB\"},{\"@type\":\"ImageObject\",\"@id\":\"https:\/\/funpalaces.co.uk\/cy\/am-palasau-hwyl\/beth-yw-palas-hwyl\/#primaryimage\",\"inLanguage\":\"cy-GB\",\"url\":\"https:\/\/funpalaces.co.uk\/cy\/wp-content\/uploads\/sites\/2\/2025\/04\/Microcope.png\",\"contentUrl\":\"https:\/\/funpalaces.co.uk\/cy\/wp-content\/uploads\/sites\/2\/2025\/04\/Microcope.png\",\"width\":1949,\"height\":2244,\"caption\":\"Illustration of a person with orange hair and Down's syndrome wearing a blue sweater, looking through a green microscope. Colourful shapes float above, representing imagination or discovery.\"},{\"@type\":\"WebPage\",\"@id\":\"https:\/\/funpalaces.co.uk\/cy\/am-palasau-hwyl\/beth-yw-palas-hwyl\/#webpage\",\"url\":\"https:\/\/funpalaces.co.uk\/cy\/am-palasau-hwyl\/beth-yw-palas-hwyl\/\",\"name\":\"Beth yw Palas Hwyl? - Fun Palaces Cymru\",\"isPartOf\":{\"@id\":\"https:\/\/funpalaces.co.uk\/cy\/#website\"},\"primaryImageOfPage\":{\"@id\":\"https:\/\/funpalaces.co.uk\/cy\/am-palasau-hwyl\/beth-yw-palas-hwyl\/#primaryimage\"},\"datePublished\":\"2020-02-19T09:19:44+00:00\",\"dateModified\":\"2025-09-18T11:02:28+00:00\",\"breadcrumb\":{\"@id\":\"https:\/\/funpalaces.co.uk\/cy\/am-palasau-hwyl\/beth-yw-palas-hwyl\/#breadcrumb\"},\"inLanguage\":\"cy-GB\",\"potentialAction\":[{\"@type\":\"ReadAction\",\"target\":[\"https:\/\/funpalaces.co.uk\/cy\/am-palasau-hwyl\/beth-yw-palas-hwyl\/\"]}]},{\"@type\":\"BreadcrumbList\",\"@id\":\"https:\/\/funpalaces.co.uk\/cy\/am-palasau-hwyl\/beth-yw-palas-hwyl\/#breadcrumb\",\"itemListElement\":[{\"@type\":\"ListItem\",\"position\":1,\"name\":\"Home\",\"item\":\"https:\/\/funpalaces.co.uk\/cy\/\"},{\"@type\":\"ListItem\",\"position\":2,\"name\":\"Am y Palasau Hwyl\",\"item\":\"https:\/\/funpalaces.co.uk\/cy\/am-palasau-hwyl\/\"},{\"@type\":\"ListItem\",\"position\":3,\"name\":\"Beth yw Palas Hwyl?\"}]}]}<\/script>\n<!-- \/ Yoast SEO plugin. -->","yoast_head_json":{"title":"Beth yw Palas Hwyl? - Fun Palaces Cymru","robots":{"index":"index","follow":"follow","max-snippet":"max-snippet:-1","max-image-preview":"max-image-preview:large","max-video-preview":"max-video-preview:-1"},"canonical":"https:\/\/funpalaces.co.uk\/cy\/am-palasau-hwyl\/beth-yw-palas-hwyl\/","og_locale":"cy_GB","og_type":"article","og_title":"Beth yw Palas Hwyl? - Fun Palaces Cymru","og_description":"Cynhelir y penwythnos Palasau Hwyl ar benwythnos cyntaf mis Hydref bob blwyddyn. Caiff y penwythnos Palasau Hwyl nesaf ei gynnal rhwng 30 Medi a 2 Hydref 2022. Dyma beth yw Palas Hwyl Am Ddim: Gallwch&hellip;","og_url":"https:\/\/funpalaces.co.uk\/cy\/am-palasau-hwyl\/beth-yw-palas-hwyl\/","og_site_name":"Fun Palaces Cymru","article_publisher":"https:\/\/www.facebook.com\/FunPalaces\/","article_modified_time":"2025-09-18T11:02:28+00:00","og_image":[{"url":"https:\/\/funpalaces.co.uk\/cy\/wp-content\/uploads\/sites\/2\/2025\/04\/Microcope.png"}],"twitter_card":"summary_large_image","twitter_site":"@funpalaces","twitter_misc":{"Est. reading time":"6 minutes"},"schema":{"@context":"https:\/\/schema.org","@graph":[{"@type":"Organization","@id":"https:\/\/funpalaces.co.uk\/cy\/#organization","name":"Palasau Hwyl","url":"https:\/\/funpalaces.co.uk\/cy\/","sameAs":["https:\/\/www.facebook.com\/FunPalaces\/","https:\/\/www.instagram.com\/funpalaces\/","https:\/\/twitter.com\/funpalaces"],"logo":{"@type":"ImageObject","@id":"https:\/\/funpalaces.co.uk\/cy\/#logo","inLanguage":"cy-GB","url":"","contentUrl":"","caption":"Palasau Hwyl"},"image":{"@id":"https:\/\/funpalaces.co.uk\/cy\/#logo"}},{"@type":"WebSite","@id":"https:\/\/funpalaces.co.uk\/cy\/#website","url":"https:\/\/funpalaces.co.uk\/cy\/","name":"Fun Palaces Cymru","description":"Cymuned wrth galon Diwylliant","publisher":{"@id":"https:\/\/funpalaces.co.uk\/cy\/#organization"},"potentialAction":[{"@type":"SearchAction","target":{"@type":"EntryPoint","urlTemplate":"https:\/\/funpalaces.co.uk\/cy\/?s={search_term_string}"},"query-input":"required name=search_term_string"}],"inLanguage":"cy-GB"},{"@type":"ImageObject","@id":"https:\/\/funpalaces.co.uk\/cy\/am-palasau-hwyl\/beth-yw-palas-hwyl\/#primaryimage","inLanguage":"cy-GB","url":"https:\/\/funpalaces.co.uk\/cy\/wp-content\/uploads\/sites\/2\/2025\/04\/Microcope.png","contentUrl":"https:\/\/funpalaces.co.uk\/cy\/wp-content\/uploads\/sites\/2\/2025\/04\/Microcope.png","width":1949,"height":2244,"caption":"Illustration of a person with orange hair and Down's syndrome wearing a blue sweater, looking through a green microscope. Colourful shapes float above, representing imagination or discovery."},{"@type":"WebPage","@id":"https:\/\/funpalaces.co.uk\/cy\/am-palasau-hwyl\/beth-yw-palas-hwyl\/#webpage","url":"https:\/\/funpalaces.co.uk\/cy\/am-palasau-hwyl\/beth-yw-palas-hwyl\/","name":"Beth yw Palas Hwyl? - Fun Palaces Cymru","isPartOf":{"@id":"https:\/\/funpalaces.co.uk\/cy\/#website"},"primaryImageOfPage":{"@id":"https:\/\/funpalaces.co.uk\/cy\/am-palasau-hwyl\/beth-yw-palas-hwyl\/#primaryimage"},"datePublished":"2020-02-19T09:19:44+00:00","dateModified":"2025-09-18T11:02:28+00:00","breadcrumb":{"@id":"https:\/\/funpalaces.co.uk\/cy\/am-palasau-hwyl\/beth-yw-palas-hwyl\/#breadcrumb"},"inLanguage":"cy-GB","potentialAction":[{"@type":"ReadAction","target":["https:\/\/funpalaces.co.uk\/cy\/am-palasau-hwyl\/beth-yw-palas-hwyl\/"]}]},{"@type":"BreadcrumbList","@id":"https:\/\/funpalaces.co.uk\/cy\/am-palasau-hwyl\/beth-yw-palas-hwyl\/#breadcrumb","itemListElement":[{"@type":"ListItem","position":1,"name":"Home","item":"https:\/\/funpalaces.co.uk\/cy\/"},{"@type":"ListItem","position":2,"name":"Am y Palasau Hwyl","item":"https:\/\/funpalaces.co.uk\/cy\/am-palasau-hwyl\/"},{"@type":"ListItem","position":3,"name":"Beth yw Palas Hwyl?"}]}]}},"_links":{"self":[{"href":"https:\/\/funpalaces.co.uk\/cy\/wp-json\/wp\/v2\/pages\/121","targetHints":{"allow":["GET"]}}],"collection":[{"href":"https:\/\/funpalaces.co.uk\/cy\/wp-json\/wp\/v2\/pages"}],"about":[{"href":"https:\/\/funpalaces.co.uk\/cy\/wp-json\/wp\/v2\/types\/page"}],"author":[{"embeddable":true,"href":"https:\/\/funpalaces.co.uk\/cy\/wp-json\/wp\/v2\/users\/130"}],"replies":[{"embeddable":true,"href":"https:\/\/funpalaces.co.uk\/cy\/wp-json\/wp\/v2\/comments?post=121"}],"version-history":[{"count":0,"href":"https:\/\/funpalaces.co.uk\/cy\/wp-json\/wp\/v2\/pages\/121\/revisions"}],"up":[{"embeddable":true,"href":"https:\/\/funpalaces.co.uk\/cy\/wp-json\/wp\/v2\/pages\/119"}],"wp:attachment":[{"href":"https:\/\/funpalaces.co.uk\/cy\/wp-json\/wp\/v2\/media?parent=121"}],"curies":[{"name":"wp","href":"https:\/\/api.w.org\/{rel}","templated":true}]}}