{"id":111,"date":"2020-02-19T08:26:42","date_gmt":"2020-02-19T08:26:42","guid":{"rendered":"https:\/\/funpalaces.co.uk\/cy\/?page_id=111"},"modified":"2026-04-08T16:14:07","modified_gmt":"2026-04-08T15:14:07","slug":"y-tim","status":"publish","type":"page","link":"https:\/\/funpalaces.co.uk\/cy\/pwy-ydym-ni\/y-tim\/","title":{"rendered":"Y T\u00eem"},"content":{"rendered":"\n<p class=\"has-lead-font-size\">Mae pawb yn y Palasau Hwyl yn gweithio&#8217;n rhan amser ac yn hyblyg.<\/p>\n\n\n\n<p class=\"has-lead-font-size\">Mae&#8217;r Palasau Hwyl yn ymgyrch i wneud y sector diwylliannol yn decach, yn fwy cynhwysol, mwy llewyrchus a mwy o hwyl. Rydyn ni&#8217;n gweithio&#8217;n galed i ddathlu bywydau diwylliannol pawb, llais pawb, natur unigryw pawb. Felly, rydyn ni&#8217;n gofalu am ein gilydd yn y gwaith, yn datblygu ein rolau o gwmpas y bobl sy&#8217;n eu gwneud, ac yn parchu bywydau pobl y tu hwnt i&#8217;r gweithle. Rydyn ni&#8217;n gweithio ar ffurfioli ein polis\u00efau. Mae cyfiawnder cymdeithasol a thegwch wrth wraidd popeth a wnawn, ac rydyn ni bob amser yn gweithio&#8217;n galed i wneud yn well. Rydyn ni eisiau i&#8217;r Palasau Hwyl fod yn weithle lle gall pobl, waeth beth fo&#8217;u cefndir, wneud eu gwaith gorau gyda&#8217;u holl angerdd, lle gall pobl fod yn fregus a theimlo&#8217;n ddiogel, lle gall pobl dyfu, a newid y byd. Rydyn ni&#8217;n gwybod bod hyn yn wahanol i bawb, ac mae pob aelod o&#8217;r t\u00eem yn gweithio yn ei ffordd ei hun. Rydyn ni&#8217;n gwneud darpariaeth ar gyfer hynny.<\/p>\n\n\n\n<div class=\"wp-block-columns alignwide is-layout-flex wp-container-core-columns-is-layout-9d6595d7 wp-block-columns-is-layout-flex\">\n<div class=\"wp-block-column is-layout-flow wp-block-column-is-layout-flow\" style=\"flex-basis:33.33%\"><\/div>\n\n\n\n<div class=\"wp-block-column is-layout-flow wp-block-column-is-layout-flow\" style=\"flex-basis:66.66%\"><\/div>\n<\/div>\n\n\n\n<div class=\"wp-block-columns alignwide is-layout-flex wp-container-core-columns-is-layout-9d6595d7 wp-block-columns-is-layout-flex\">\n<div class=\"wp-block-column is-layout-flow wp-block-column-is-layout-flow\" style=\"flex-basis:33.33%\"><div class=\"wp-block-image is-style-circle-mask\">\n<figure class=\"aligncenter size-full is-resized\"><img loading=\"lazy\" decoding=\"async\" width=\"564\" height=\"758\" src=\"https:\/\/funpalaces.co.uk\/cy\/wp-content\/uploads\/sites\/2\/2023\/11\/Screenshot-2023-11-08-at-17.09.29.png\" alt=\"\" class=\"wp-image-712\" style=\"width:280px\" srcset=\"https:\/\/funpalaces.co.uk\/cy\/wp-content\/uploads\/sites\/2\/2023\/11\/Screenshot-2023-11-08-at-17.09.29.png 564w, https:\/\/funpalaces.co.uk\/cy\/wp-content\/uploads\/sites\/2\/2023\/11\/Screenshot-2023-11-08-at-17.09.29-223x300.png 223w\" sizes=\"auto, (max-width: 564px) 100vw, 564px\" \/><figcaption class=\"wp-element-caption\">Amie Taylor<\/figcaption><\/figure>\n<\/div><\/div>\n\n\n\n<div class=\"wp-block-column is-layout-flow wp-block-column-is-layout-flow\" style=\"flex-basis:66.66%\">\n<h2 class=\"wp-block-heading\"><strong>Cyfarwyddwr y Palasau Hwyl \u00a0<\/strong> <\/h2>\n\n\n\n<p><a href=\"mailto:amie@funpalaces.co.uk\" target=\"_blank\" rel=\"noreferrer noopener\">Mae <strong>Amie Taylor<\/strong><\/a> (hi\/ei) wedi bod yn ymwneud \u00e2&#8217;r Palasau Hwyl ers 2013, ac wedi gwneud pedwar Palas Hwyl. Ymunodd \u00e2 Th\u00eem Pencadlys y Palasau Hwyl yn 2021 fel cynhyrchydd. <\/p>\n\n\n\n<p>Mae hi&#8217;n awdur, cr\u00ebwr theatr, hwylusydd gweithdai a chynhyrchydd. Mae hi wedi ysgrifennu tair llyfr: The Big Book of LGBTQ+ Activities, The Monster Book of Feelings a Pride Families. Mae hi wedi ysgrifennu dram\u00e2u byrion a chreu sioeau theatr i blant ac wedi teithio o gwmpas theatrau, gwyliau ac ysgolion gyda&#8217;r gwaith hwn. Gwnaeth Amie sefydlu LGBTQ+ Arts Review a&#8217;i redeg am 6 mlynedd, gan reoli t\u00eem o adolygwyr theatr ledled Llundain a thu hwnt. Mae hi wrth ei bodd gyda phypedau cysgod, bod yn yr awyr agored a karaoke.<\/p>\n<\/div>\n<\/div>\n\n\n\n<div class=\"wp-block-columns alignwide is-layout-flex wp-container-core-columns-is-layout-9d6595d7 wp-block-columns-is-layout-flex\">\n<div class=\"wp-block-column is-layout-flow wp-block-column-is-layout-flow\" style=\"flex-basis:33.33%\"><div class=\"wp-block-image is-style-circle-mask\">\n<figure class=\"aligncenter size-large\"><img loading=\"lazy\" decoding=\"async\" width=\"1024\" height=\"638\" src=\"https:\/\/funpalaces.co.uk\/cy\/wp-content\/uploads\/sites\/2\/2023\/11\/Screenshot-2023-11-08-at-17.06.15-1024x638.png\" alt=\"\" class=\"wp-image-713\" srcset=\"https:\/\/funpalaces.co.uk\/cy\/wp-content\/uploads\/sites\/2\/2023\/11\/Screenshot-2023-11-08-at-17.06.15-1024x638.png 1024w, https:\/\/funpalaces.co.uk\/cy\/wp-content\/uploads\/sites\/2\/2023\/11\/Screenshot-2023-11-08-at-17.06.15-300x187.png 300w, https:\/\/funpalaces.co.uk\/cy\/wp-content\/uploads\/sites\/2\/2023\/11\/Screenshot-2023-11-08-at-17.06.15-768x478.png 768w, https:\/\/funpalaces.co.uk\/cy\/wp-content\/uploads\/sites\/2\/2023\/11\/Screenshot-2023-11-08-at-17.06.15.png 1098w\" sizes=\"auto, (max-width: 1024px) 100vw, 1024px\" \/><figcaption class=\"wp-element-caption\">Orla Nicholls<\/figcaption><\/figure>\n<\/div>\n\n<div class=\"wp-block-image is-style-circle-mask\">\n<figure class=\"aligncenter size-full is-resized\"><img loading=\"lazy\" decoding=\"async\" width=\"549\" height=\"549\" src=\"https:\/\/funpalaces.co.uk\/cy\/wp-content\/uploads\/sites\/2\/2026\/04\/image.png\" alt=\"\" class=\"wp-image-766\" style=\"width:239px;height:244px\" srcset=\"https:\/\/funpalaces.co.uk\/cy\/wp-content\/uploads\/sites\/2\/2026\/04\/image.png 549w, https:\/\/funpalaces.co.uk\/cy\/wp-content\/uploads\/sites\/2\/2026\/04\/image-300x300.png 300w, https:\/\/funpalaces.co.uk\/cy\/wp-content\/uploads\/sites\/2\/2026\/04\/image-150x150.png 150w, https:\/\/funpalaces.co.uk\/cy\/wp-content\/uploads\/sites\/2\/2026\/04\/image-500x500.png 500w\" sizes=\"auto, (max-width: 549px) 100vw, 549px\" \/><figcaption class=\"wp-element-caption\">Rachel Attfield<\/figcaption><\/figure>\n<\/div>\n\n<div class=\"wp-block-image is-style-circle-mask\">\n<figure class=\"aligncenter size-large is-resized\"><img loading=\"lazy\" decoding=\"async\" width=\"1024\" height=\"1024\" src=\"https:\/\/funpalaces.co.uk\/cy\/wp-content\/uploads\/sites\/2\/2026\/04\/Ria-Patel-1024x1024.png\" alt=\"\" class=\"wp-image-771\" style=\"aspect-ratio:0.7453416149068323;width:226px;height:auto\" srcset=\"https:\/\/funpalaces.co.uk\/cy\/wp-content\/uploads\/sites\/2\/2026\/04\/Ria-Patel-1024x1024.png 1024w, https:\/\/funpalaces.co.uk\/cy\/wp-content\/uploads\/sites\/2\/2026\/04\/Ria-Patel-300x300.png 300w, https:\/\/funpalaces.co.uk\/cy\/wp-content\/uploads\/sites\/2\/2026\/04\/Ria-Patel-150x150.png 150w, https:\/\/funpalaces.co.uk\/cy\/wp-content\/uploads\/sites\/2\/2026\/04\/Ria-Patel-768x768.png 768w, https:\/\/funpalaces.co.uk\/cy\/wp-content\/uploads\/sites\/2\/2026\/04\/Ria-Patel-60x60.png 60w, https:\/\/funpalaces.co.uk\/cy\/wp-content\/uploads\/sites\/2\/2026\/04\/Ria-Patel-600x600.png 600w, https:\/\/funpalaces.co.uk\/cy\/wp-content\/uploads\/sites\/2\/2026\/04\/Ria-Patel-500x500.png 500w, https:\/\/funpalaces.co.uk\/cy\/wp-content\/uploads\/sites\/2\/2026\/04\/Ria-Patel-1000x1000.png 1000w, https:\/\/funpalaces.co.uk\/cy\/wp-content\/uploads\/sites\/2\/2026\/04\/Ria-Patel.png 1536w\" sizes=\"auto, (max-width: 1024px) 100vw, 1024px\" \/><figcaption class=\"wp-element-caption\">Ria Patel<\/figcaption><\/figure>\n<\/div>\n\n<div class=\"wp-block-image is-style-circle-mask\">\n<figure class=\"aligncenter size-large is-resized\"><img loading=\"lazy\" decoding=\"async\" width=\"1024\" height=\"1024\" src=\"https:\/\/funpalaces.co.uk\/cy\/wp-content\/uploads\/sites\/2\/2026\/04\/Chama-Aimable-Kapumpa-1024x1024.jpg\" alt=\"\" class=\"wp-image-772\" style=\"width:206px;height:auto\" srcset=\"https:\/\/funpalaces.co.uk\/cy\/wp-content\/uploads\/sites\/2\/2026\/04\/Chama-Aimable-Kapumpa-1024x1024.jpg 1024w, https:\/\/funpalaces.co.uk\/cy\/wp-content\/uploads\/sites\/2\/2026\/04\/Chama-Aimable-Kapumpa-300x300.jpg 300w, https:\/\/funpalaces.co.uk\/cy\/wp-content\/uploads\/sites\/2\/2026\/04\/Chama-Aimable-Kapumpa-150x150.jpg 150w, https:\/\/funpalaces.co.uk\/cy\/wp-content\/uploads\/sites\/2\/2026\/04\/Chama-Aimable-Kapumpa-768x768.jpg 768w, https:\/\/funpalaces.co.uk\/cy\/wp-content\/uploads\/sites\/2\/2026\/04\/Chama-Aimable-Kapumpa-60x60.jpg 60w, https:\/\/funpalaces.co.uk\/cy\/wp-content\/uploads\/sites\/2\/2026\/04\/Chama-Aimable-Kapumpa-600x600.jpg 600w, https:\/\/funpalaces.co.uk\/cy\/wp-content\/uploads\/sites\/2\/2026\/04\/Chama-Aimable-Kapumpa-500x500.jpg 500w, https:\/\/funpalaces.co.uk\/cy\/wp-content\/uploads\/sites\/2\/2026\/04\/Chama-Aimable-Kapumpa-1000x1000.jpg 1000w, https:\/\/funpalaces.co.uk\/cy\/wp-content\/uploads\/sites\/2\/2026\/04\/Chama-Aimable-Kapumpa.jpg 1536w\" sizes=\"auto, (max-width: 1024px) 100vw, 1024px\" \/><figcaption class=\"wp-element-caption\">Chama Aimable-Kapumpa<\/figcaption><\/figure>\n<\/div><\/div>\n\n\n\n<div class=\"wp-block-column is-layout-flow wp-block-column-is-layout-flow\" style=\"flex-basis:66.66%\">\n<h2 class=\"wp-block-heading\"><strong><\/strong><strong><\/strong><strong>Cynhyrchydd Gweithredol<\/strong> \u00a0<\/h2>\n\n\n\n<p><a href=\"mailto:orla@funpalaces.co.uk\">Mae <strong>Orla Nicholls<\/strong><\/a> (hi\/ei) yn frwd dros dechnoleg ac mae ganddi ddiddordeb mawr mewn cynllunio. Ymunodd \u00e2 th\u00eem y Palasau Hwyl yn wreiddiol yn r\u00f4l y Cydlynydd. Dechreuodd ei thaith Palas Hwyl yn 2014, gan greu Palas Hwyl Luton dros benwythnos dathlu mis Hydref, felly mae\u2019n gallu dod \u00e2 phrofiad o fod yn Gr\u00ebwr i\u2019r r\u00f4l o lygad y ffynnon. <\/p>\n\n\n\n<p>Pan nad yw\u2019n gweithio i&#8217;r Palasau Hwyl, mae\u2019n rhoi benthyg ei harbenigedd i berchnogion busnesau bach, gan eu helpu i gynnal digwyddiadau rhithwir a manteisio i&#8217;r eithaf ar eu technoleg ddigidol. Mae Orla hefyd yn cynnal gr\u0175p cydweithfa grefftau misol yn Luton yn ogystal \u00e2 digwyddiadau cymunedol eraill. Mae ganddi ddiddordeb mawr yng ngrym cysylltiadau rhwng y cenedlaethau ar gyfer cymunedau yn ogystal \u00e2 chwyddo lleisiau sydd heb eu cynrychioli&#8217;n ddigonol.\u00a0<\/p>\n\n\n\n<h2 class=\"wp-block-heading\"><strong>Cynhyrchydd<\/strong>\u00a0\u00a0<\/h2>\n\n\n\n<p><a href=\"https:\/\/funpalaces.co.uk\/who-we-are\/the-team\/rachel@funpalaces.co.uk\"><span style=\"text-decoration: underline\">Ymunodd<\/span> <strong>Rachel Attfield<\/strong><\/a> (hi\/ei) \u00e2&#8217;r Palasau Hwyl ym mis Mai 2024. Mae Rachel hapusaf pan fydd hi&#8217;n creu pethau, mae hyn ar ffurf crefftau traddodiadol ac anghofiedig, clymau, plethu ac unrhyw beth wedi&#8217;i wehyddu. Mae ei gwaith wedi cael ei arddangos yn ddiweddar yn Trowbridge Gardens yn Hackney Wick yn dilyn preswyliad fel artist. Dechreuodd ei gyrfa mewn dawns gan weithio fel coreograffydd ac ymarferydd ymgysylltu. <\/p>\n\n\n\n<p>Yn 2020, diolch i seibiant gyrfa, dechreuodd Rachel ar MA mewn Astudiaethau Diwylliannol ym Mhrifysgol Goldsmiths Llundain lle archwiliodd Ddemocratiaeth Ddiwylliannol gan ganolbwyntio ar reoli diwylliant o fewn rhaglenni cyfranogol a ariennir. Mae Rachel yn gyffrous i fod yn rhan o&#8217;r Palasau Hwyl lle gall roi&#8217;r ymchwil hon ar waith, ac mae ei r\u00f4l yn cyflawni dyhead hirdymor i fod yn rhan o&#8217;r sefydliad ar \u00f4l clywed sgwrs ysbrydoledig Stella Duffy am y Palasau Hwyl yn 2015.\u00a0<\/p>\n\n\n\n<h2 class=\"wp-block-heading\"><strong>Cydlynydd Ymgyrchoedd<\/strong><\/h2>\n\n\n\n<p><a href=\"mailto:ria@funpalaces.co.uk\"><strong>Ria Patel<\/strong><\/a> (nhw\/hi) yw&#8217;r Cydlynydd Ymgyrchoedd erbyn hyn, ar \u00f4l dechrau fel Cydlynydd Prosiectau. Maent yn angerddol dros amrywiaeth wirioneddol, cynhwysiant a meithrin perthyn. Astudiodd Seicoleg yn y brifysgol, ond mae wedi bod yn angerddol dros y celfyddydau erioed, ar \u00f4l dawnsio o oedran ifanc.<\/p>\n\n\n\n<p>Maen nhw&#8217;n heriwr. Roedd eu profiad cychwynnol mewn ymgyrchoedd gweithredu dros yr hinsawdd, cyfiawnder i fewnfudwyr a rhyddhad Cwiar ar raddfa leol a chenedlaethol, ond mae hyn wedi ehangu ers hynny. <\/p>\n\n\n\n<p>Mae hi hefyd yn ymwneud \u00e2 gwleidyddiaeth leol yn Croydon, gan fod yn gynghorydd anneuaidd ieuengaf erioed Croydon a&#8217;r person annueaidd cyntaf i fod yn gynghorydd. Pan nad yw&#8217;n gweithio, mae Ria&#8217;n cael llawenydd mewn dawnsio, darllen a bod ym myd natur!<\/p>\n\n\n\n<h2 class=\"wp-block-heading\"><strong>Rheolwr Cyfathrebu a Marchnata<\/strong><\/h2>\n\n\n\n<p><a href=\"mailto:chama@funpalaces.co.uk\"><strong>Chama Aimable-Kapumpa<\/strong><\/a> (fe\/ef) yw aelod mwyaf newydd Hwb Cefnogi&#8217;r Palasau Hwyl, ar \u00f4l ymuno ym mis Medi 2025. Mae wedi gweithio i nifer o leoliadau celfyddydol yn Llundain a ledled y DU, ac mae&#8217;n angerddol iawn dros ehangu cyfranogiad creadigol. Ar hyn o bryd mae&#8217;n Rheolwr Marchnata Tramshed yn Woolwich, de-ddwyrain Llundain. <\/p>\n\n\n\n<p>Mae hefyd yn Ymddiriedolwr i Gwmni Theatr Ardent, sefydliad y mai ei genhadaeth yw rhoi terfyn ar anghydraddoldeb dosbarth yn y theatr.\u00a0Mae Chama wedi ysgrifennu adolygiadau theatr ar gyfer Words of Colour yn y gorffennol ac roedd yn gyd-gyflwynydd cyfres olaf y podlediad Artistic State of Mind.<\/p>\n\n\n\n\n<\/div>\n<\/div>\n\n\n\n<div class=\"wp-block-columns alignwide is-layout-flex wp-container-core-columns-is-layout-9d6595d7 wp-block-columns-is-layout-flex\">\n<div class=\"wp-block-column is-layout-flow wp-block-column-is-layout-flow\" style=\"flex-basis:33.33%\"><\/div>\n\n\n\n<div class=\"wp-block-column is-layout-flow wp-block-column-is-layout-flow\" style=\"flex-basis:66.66%\"><\/div>\n<\/div>\n\n\n\n<div class=\"wp-block-columns alignwide is-layout-flex wp-container-core-columns-is-layout-9d6595d7 wp-block-columns-is-layout-flex\">\n<div class=\"wp-block-column is-layout-flow wp-block-column-is-layout-flow\" style=\"flex-basis:33.33%\"><\/div>\n\n\n\n<div class=\"wp-block-column is-layout-flow wp-block-column-is-layout-flow\" style=\"flex-basis:66.66%\"><\/div>\n<\/div>\n\n\n\n\n","protected":false},"excerpt":{"rendered":"<p>Mae pawb yn y Palasau Hwyl yn gweithio&#8217;n rhan amser ac yn hyblyg. Mae&#8217;r Palasau Hwyl yn ymgyrch i wneud y sector diwylliannol yn decach, yn fwy cynhwysol, mwy llewyrchus a mwy o hwyl. Rydyn&hellip;<\/p>\n","protected":false},"author":130,"featured_media":0,"parent":110,"menu_order":0,"comment_status":"closed","ping_status":"closed","template":"","meta":{"_mkdo_core_block_meta_as_title":"","footnotes":"","mkdo_translation_country_code":"","mkdo_translation_language_code":"","mkdo_translation_id_language_cy":"","mkdo_translation_id_language_en":"1_22361"},"class_list":["post-111","page","type-page","status-publish","hentry"],"yoast_head":"<!-- This site is optimized with the Yoast SEO plugin v18.2 - https:\/\/yoast.com\/wordpress\/plugins\/seo\/ -->\n<title>Y T\u00eem - Fun Palaces Cymru<\/title>\n<meta name=\"robots\" content=\"index, follow, max-snippet:-1, max-image-preview:large, max-video-preview:-1\" \/>\n<link rel=\"canonical\" href=\"https:\/\/funpalaces.co.uk\/cy\/pwy-ydym-ni\/y-tim\/\" \/>\n<meta property=\"og:locale\" content=\"cy_GB\" \/>\n<meta property=\"og:type\" content=\"article\" \/>\n<meta property=\"og:title\" content=\"Y T\u00eem - Fun Palaces Cymru\" \/>\n<meta property=\"og:description\" content=\"Mae pawb yn y Palasau Hwyl yn gweithio&#8217;n rhan amser ac yn hyblyg. Mae&#8217;r Palasau Hwyl yn ymgyrch i wneud y sector diwylliannol yn decach, yn fwy cynhwysol, mwy llewyrchus a mwy o hwyl. Rydyn&hellip;\" \/>\n<meta property=\"og:url\" content=\"https:\/\/funpalaces.co.uk\/cy\/pwy-ydym-ni\/y-tim\/\" \/>\n<meta property=\"og:site_name\" content=\"Fun Palaces Cymru\" \/>\n<meta property=\"article:publisher\" content=\"https:\/\/www.facebook.com\/FunPalaces\/\" \/>\n<meta property=\"article:modified_time\" content=\"2026-04-08T15:14:07+00:00\" \/>\n<meta property=\"og:image\" content=\"https:\/\/funpalaces.co.uk\/cy\/wp-content\/uploads\/sites\/2\/2023\/11\/Screenshot-2023-11-08-at-17.09.29.png\" \/>\n<meta name=\"twitter:card\" content=\"summary_large_image\" \/>\n<meta name=\"twitter:site\" content=\"@funpalaces\" \/>\n<meta name=\"twitter:label1\" content=\"Est. reading time\" \/>\n\t<meta name=\"twitter:data1\" content=\"4 minutes\" \/>\n<script type=\"application\/ld+json\" class=\"yoast-schema-graph\">{\"@context\":\"https:\/\/schema.org\",\"@graph\":[{\"@type\":\"Organization\",\"@id\":\"https:\/\/funpalaces.co.uk\/cy\/#organization\",\"name\":\"Palasau Hwyl\",\"url\":\"https:\/\/funpalaces.co.uk\/cy\/\",\"sameAs\":[\"https:\/\/www.facebook.com\/FunPalaces\/\",\"https:\/\/www.instagram.com\/funpalaces\/\",\"https:\/\/twitter.com\/funpalaces\"],\"logo\":{\"@type\":\"ImageObject\",\"@id\":\"https:\/\/funpalaces.co.uk\/cy\/#logo\",\"inLanguage\":\"cy-GB\",\"url\":\"\",\"contentUrl\":\"\",\"caption\":\"Palasau Hwyl\"},\"image\":{\"@id\":\"https:\/\/funpalaces.co.uk\/cy\/#logo\"}},{\"@type\":\"WebSite\",\"@id\":\"https:\/\/funpalaces.co.uk\/cy\/#website\",\"url\":\"https:\/\/funpalaces.co.uk\/cy\/\",\"name\":\"Fun Palaces Cymru\",\"description\":\"Cymuned wrth galon Diwylliant\",\"publisher\":{\"@id\":\"https:\/\/funpalaces.co.uk\/cy\/#organization\"},\"potentialAction\":[{\"@type\":\"SearchAction\",\"target\":{\"@type\":\"EntryPoint\",\"urlTemplate\":\"https:\/\/funpalaces.co.uk\/cy\/?s={search_term_string}\"},\"query-input\":\"required name=search_term_string\"}],\"inLanguage\":\"cy-GB\"},{\"@type\":\"ImageObject\",\"@id\":\"https:\/\/funpalaces.co.uk\/cy\/pwy-ydym-ni\/y-tim\/#primaryimage\",\"inLanguage\":\"cy-GB\",\"url\":\"https:\/\/funpalaces.co.uk\/cy\/wp-content\/uploads\/sites\/2\/2023\/11\/Screenshot-2023-11-08-at-17.09.29.png\",\"contentUrl\":\"https:\/\/funpalaces.co.uk\/cy\/wp-content\/uploads\/sites\/2\/2023\/11\/Screenshot-2023-11-08-at-17.09.29.png\",\"width\":564,\"height\":758},{\"@type\":\"WebPage\",\"@id\":\"https:\/\/funpalaces.co.uk\/cy\/pwy-ydym-ni\/y-tim\/#webpage\",\"url\":\"https:\/\/funpalaces.co.uk\/cy\/pwy-ydym-ni\/y-tim\/\",\"name\":\"Y T\u00eem - Fun Palaces Cymru\",\"isPartOf\":{\"@id\":\"https:\/\/funpalaces.co.uk\/cy\/#website\"},\"primaryImageOfPage\":{\"@id\":\"https:\/\/funpalaces.co.uk\/cy\/pwy-ydym-ni\/y-tim\/#primaryimage\"},\"datePublished\":\"2020-02-19T08:26:42+00:00\",\"dateModified\":\"2026-04-08T15:14:07+00:00\",\"breadcrumb\":{\"@id\":\"https:\/\/funpalaces.co.uk\/cy\/pwy-ydym-ni\/y-tim\/#breadcrumb\"},\"inLanguage\":\"cy-GB\",\"potentialAction\":[{\"@type\":\"ReadAction\",\"target\":[\"https:\/\/funpalaces.co.uk\/cy\/pwy-ydym-ni\/y-tim\/\"]}]},{\"@type\":\"BreadcrumbList\",\"@id\":\"https:\/\/funpalaces.co.uk\/cy\/pwy-ydym-ni\/y-tim\/#breadcrumb\",\"itemListElement\":[{\"@type\":\"ListItem\",\"position\":1,\"name\":\"Home\",\"item\":\"https:\/\/funpalaces.co.uk\/cy\/\"},{\"@type\":\"ListItem\",\"position\":2,\"name\":\"Pwy Ydym Ni\",\"item\":\"https:\/\/funpalaces.co.uk\/cy\/pwy-ydym-ni\/\"},{\"@type\":\"ListItem\",\"position\":3,\"name\":\"Y T\u00eem\"}]}]}<\/script>\n<!-- \/ Yoast SEO plugin. -->","yoast_head_json":{"title":"Y T\u00eem - Fun Palaces Cymru","robots":{"index":"index","follow":"follow","max-snippet":"max-snippet:-1","max-image-preview":"max-image-preview:large","max-video-preview":"max-video-preview:-1"},"canonical":"https:\/\/funpalaces.co.uk\/cy\/pwy-ydym-ni\/y-tim\/","og_locale":"cy_GB","og_type":"article","og_title":"Y T\u00eem - Fun Palaces Cymru","og_description":"Mae pawb yn y Palasau Hwyl yn gweithio&#8217;n rhan amser ac yn hyblyg. Mae&#8217;r Palasau Hwyl yn ymgyrch i wneud y sector diwylliannol yn decach, yn fwy cynhwysol, mwy llewyrchus a mwy o hwyl. Rydyn&hellip;","og_url":"https:\/\/funpalaces.co.uk\/cy\/pwy-ydym-ni\/y-tim\/","og_site_name":"Fun Palaces Cymru","article_publisher":"https:\/\/www.facebook.com\/FunPalaces\/","article_modified_time":"2026-04-08T15:14:07+00:00","og_image":[{"url":"https:\/\/funpalaces.co.uk\/cy\/wp-content\/uploads\/sites\/2\/2023\/11\/Screenshot-2023-11-08-at-17.09.29.png"}],"twitter_card":"summary_large_image","twitter_site":"@funpalaces","twitter_misc":{"Est. reading time":"4 minutes"},"schema":{"@context":"https:\/\/schema.org","@graph":[{"@type":"Organization","@id":"https:\/\/funpalaces.co.uk\/cy\/#organization","name":"Palasau Hwyl","url":"https:\/\/funpalaces.co.uk\/cy\/","sameAs":["https:\/\/www.facebook.com\/FunPalaces\/","https:\/\/www.instagram.com\/funpalaces\/","https:\/\/twitter.com\/funpalaces"],"logo":{"@type":"ImageObject","@id":"https:\/\/funpalaces.co.uk\/cy\/#logo","inLanguage":"cy-GB","url":"","contentUrl":"","caption":"Palasau Hwyl"},"image":{"@id":"https:\/\/funpalaces.co.uk\/cy\/#logo"}},{"@type":"WebSite","@id":"https:\/\/funpalaces.co.uk\/cy\/#website","url":"https:\/\/funpalaces.co.uk\/cy\/","name":"Fun Palaces Cymru","description":"Cymuned wrth galon Diwylliant","publisher":{"@id":"https:\/\/funpalaces.co.uk\/cy\/#organization"},"potentialAction":[{"@type":"SearchAction","target":{"@type":"EntryPoint","urlTemplate":"https:\/\/funpalaces.co.uk\/cy\/?s={search_term_string}"},"query-input":"required name=search_term_string"}],"inLanguage":"cy-GB"},{"@type":"ImageObject","@id":"https:\/\/funpalaces.co.uk\/cy\/pwy-ydym-ni\/y-tim\/#primaryimage","inLanguage":"cy-GB","url":"https:\/\/funpalaces.co.uk\/cy\/wp-content\/uploads\/sites\/2\/2023\/11\/Screenshot-2023-11-08-at-17.09.29.png","contentUrl":"https:\/\/funpalaces.co.uk\/cy\/wp-content\/uploads\/sites\/2\/2023\/11\/Screenshot-2023-11-08-at-17.09.29.png","width":564,"height":758},{"@type":"WebPage","@id":"https:\/\/funpalaces.co.uk\/cy\/pwy-ydym-ni\/y-tim\/#webpage","url":"https:\/\/funpalaces.co.uk\/cy\/pwy-ydym-ni\/y-tim\/","name":"Y T\u00eem - Fun Palaces Cymru","isPartOf":{"@id":"https:\/\/funpalaces.co.uk\/cy\/#website"},"primaryImageOfPage":{"@id":"https:\/\/funpalaces.co.uk\/cy\/pwy-ydym-ni\/y-tim\/#primaryimage"},"datePublished":"2020-02-19T08:26:42+00:00","dateModified":"2026-04-08T15:14:07+00:00","breadcrumb":{"@id":"https:\/\/funpalaces.co.uk\/cy\/pwy-ydym-ni\/y-tim\/#breadcrumb"},"inLanguage":"cy-GB","potentialAction":[{"@type":"ReadAction","target":["https:\/\/funpalaces.co.uk\/cy\/pwy-ydym-ni\/y-tim\/"]}]},{"@type":"BreadcrumbList","@id":"https:\/\/funpalaces.co.uk\/cy\/pwy-ydym-ni\/y-tim\/#breadcrumb","itemListElement":[{"@type":"ListItem","position":1,"name":"Home","item":"https:\/\/funpalaces.co.uk\/cy\/"},{"@type":"ListItem","position":2,"name":"Pwy Ydym Ni","item":"https:\/\/funpalaces.co.uk\/cy\/pwy-ydym-ni\/"},{"@type":"ListItem","position":3,"name":"Y T\u00eem"}]}]}},"_links":{"self":[{"href":"https:\/\/funpalaces.co.uk\/cy\/wp-json\/wp\/v2\/pages\/111","targetHints":{"allow":["GET"]}}],"collection":[{"href":"https:\/\/funpalaces.co.uk\/cy\/wp-json\/wp\/v2\/pages"}],"about":[{"href":"https:\/\/funpalaces.co.uk\/cy\/wp-json\/wp\/v2\/types\/page"}],"author":[{"embeddable":true,"href":"https:\/\/funpalaces.co.uk\/cy\/wp-json\/wp\/v2\/users\/130"}],"replies":[{"embeddable":true,"href":"https:\/\/funpalaces.co.uk\/cy\/wp-json\/wp\/v2\/comments?post=111"}],"version-history":[{"count":0,"href":"https:\/\/funpalaces.co.uk\/cy\/wp-json\/wp\/v2\/pages\/111\/revisions"}],"up":[{"embeddable":true,"href":"https:\/\/funpalaces.co.uk\/cy\/wp-json\/wp\/v2\/pages\/110"}],"wp:attachment":[{"href":"https:\/\/funpalaces.co.uk\/cy\/wp-json\/wp\/v2\/media?parent=111"}],"curies":[{"name":"wp","href":"https:\/\/api.w.org\/{rel}","templated":true}]}}